{"id":4970,"date":"2020-09-30T12:48:52","date_gmt":"2020-09-30T09:48:52","guid":{"rendered":"http:\/\/kbfi.ee\/kbfi-videod\/"},"modified":"2020-10-16T00:15:03","modified_gmt":"2020-10-15T21:15:03","slug":"nicpb-videos","status":"publish","type":"page","link":"https:\/\/kbfi.ee\/en\/nicpb-videos\/","title":{"rendered":"NICPB videos"},"content":{"rendered":"<h1 class=\"p1\">Center of Excellence videos<\/h1>\n<p>&nbsp;<\/p>\n<div class='content-column one_half'><p><iframe loading=\"lazy\" title=\"Kontrollitud korrastatus kvant- ja nanomaterjalides\" width=\"500\" height=\"281\" data-src=\"https:\/\/www.youtube.com\/embed\/c9f8c9sbOOk?feature=oembed\" frameborder=\"0\" allow=\"accelerometer; autoplay; clipboard-write; encrypted-media; gyroscope; picture-in-picture; web-share\" referrerpolicy=\"strict-origin-when-cross-origin\" allowfullscreen src=\"data:image\/gif;base64,R0lGODlhAQABAAAAACH5BAEKAAEALAAAAAABAAEAAAICTAEAOw==\" class=\"lazyload\" data-load-mode=\"1\"><\/iframe><\/p>\n<p class=\"p1\">Emerging orders in quantum and nanomaterials<\/p><\/div>\n<div class='content-column one_half last_column'><p><iframe loading=\"lazy\" title=\"Tume universum\" width=\"500\" height=\"281\" data-src=\"https:\/\/www.youtube.com\/embed\/oZwCcT7Kr9Q?feature=oembed\" frameborder=\"0\" allow=\"accelerometer; autoplay; clipboard-write; encrypted-media; gyroscope; picture-in-picture; web-share\" referrerpolicy=\"strict-origin-when-cross-origin\" allowfullscreen src=\"data:image\/gif;base64,R0lGODlhAQABAAAAACH5BAEKAAEALAAAAAABAAEAAAICTAEAOw==\" class=\"lazyload\" data-load-mode=\"1\"><\/iframe><\/p>\n<p class=\"p1\">The dark side of the universe<\/p><\/div><div class='clear_column'><\/div>\n<h1 class=\"p1\">Mario Kadastik talks about studying Applied Physics<\/h1>\n<p>&nbsp;<\/p>\n<div class='content-column one_half'><p><iframe loading=\"lazy\" title=\"Rakendusf\u00fc\u00fcsikat \u00f5ppides saab Sinust tippespetsialist!\" width=\"500\" height=\"281\" data-src=\"https:\/\/www.youtube.com\/embed\/boaOC6hrnTY?feature=oembed\" frameborder=\"0\" allow=\"accelerometer; autoplay; clipboard-write; encrypted-media; gyroscope; picture-in-picture; web-share\" referrerpolicy=\"strict-origin-when-cross-origin\" allowfullscreen src=\"data:image\/gif;base64,R0lGODlhAQABAAAAACH5BAEKAAEALAAAAAABAAEAAAICTAEAOw==\" class=\"lazyload\" data-load-mode=\"1\"><\/iframe><\/p><\/div>\n<div class='content-column one_half last_column'><\/div><div class='clear_column'><\/div>\n<h1 class=\"p1\">Environmental Toxicology videos<\/h1>\n<p>&nbsp;<\/p>\n<div class='content-column one_half'><p><iframe loading=\"lazy\" title=\"Nanoosakestest, vesikirpudedest ja kontsentratsioonist | Anne Kahru | TEDxTallinn\" width=\"500\" height=\"281\" data-src=\"https:\/\/www.youtube.com\/embed\/sHa_AhC60WE?feature=oembed\" frameborder=\"0\" allow=\"accelerometer; autoplay; clipboard-write; encrypted-media; gyroscope; picture-in-picture; web-share\" referrerpolicy=\"strict-origin-when-cross-origin\" allowfullscreen src=\"data:image\/gif;base64,R0lGODlhAQABAAAAACH5BAEKAAEALAAAAAABAAEAAAICTAEAOw==\" class=\"lazyload\" data-load-mode=\"1\"><\/iframe><\/p>\n<p class=\"p1\">Anne Kahru TED<sup><span lang=\"EN-US\">x<\/span><\/sup>Tallinn presentation<\/p><\/div>\n<div class='content-column one_half last_column'><p><iframe loading=\"lazy\" title=\"Revealing the dark side of nano-particles with glowing bacteria | Olesja Bondarenko | TEDxLasnam\u00e4e\" width=\"500\" height=\"281\" data-src=\"https:\/\/www.youtube.com\/embed\/y9VjZu1mnFE?feature=oembed\" frameborder=\"0\" allow=\"accelerometer; autoplay; clipboard-write; encrypted-media; gyroscope; picture-in-picture; web-share\" referrerpolicy=\"strict-origin-when-cross-origin\" allowfullscreen src=\"data:image\/gif;base64,R0lGODlhAQABAAAAACH5BAEKAAEALAAAAAABAAEAAAICTAEAOw==\" class=\"lazyload\" data-load-mode=\"1\"><\/iframe><\/p>\n<p class=\"p1\">Olesja Bondarenko TED<sup><span lang=\"EN-US\">x<\/span><\/sup>Lasnam\u00e4e presentation (in Russian)<\/p><\/div><div class='clear_column'><\/div>\n<p>[\/one_half_last]<\/p>\n<p><iframe loading=\"lazy\" title=\"Teadus 3 minutiga - Ljudmila Klepinina\" width=\"500\" height=\"281\" data-src=\"https:\/\/www.youtube.com\/embed\/0coFnWoHee8?feature=oembed\" frameborder=\"0\" allow=\"accelerometer; autoplay; clipboard-write; encrypted-media; gyroscope; picture-in-picture; web-share\" referrerpolicy=\"strict-origin-when-cross-origin\" allowfullscreen src=\"data:image\/gif;base64,R0lGODlhAQABAAAAACH5BAEKAAEALAAAAAABAAEAAAICTAEAOw==\" class=\"lazyload\" data-load-mode=\"1\"><\/iframe><\/p>\n<p>Ljudmila Klepinina\u00a0\u201cScience in 3 minutes\u201d presentation<\/p>\n<div class='content-column one_half'><p><iframe loading=\"lazy\" title=\"Kaja Kasemets. Nanoosakesed, nanotehnoloogiad ja nano(\u00f6ko)toksikoloogia\" width=\"500\" height=\"281\" data-src=\"https:\/\/www.youtube.com\/embed\/x8Eo1MhK3No?feature=oembed\" frameborder=\"0\" allow=\"accelerometer; autoplay; clipboard-write; encrypted-media; gyroscope; picture-in-picture; web-share\" referrerpolicy=\"strict-origin-when-cross-origin\" allowfullscreen src=\"data:image\/gif;base64,R0lGODlhAQABAAAAACH5BAEKAAEALAAAAAABAAEAAAICTAEAOw==\" class=\"lazyload\" data-load-mode=\"1\"><\/iframe><\/p>\n<p class=\"p1\">Kaja Kasemets talks about nanotoxicology<\/p><\/div>\n<div class='content-column one_half last_column'><p><iframe loading=\"lazy\" title=\"Teadus 3 minutiga 2017 - Elise Joonas\" width=\"500\" height=\"281\" data-src=\"https:\/\/www.youtube.com\/embed\/8hdBg6_uoIk?feature=oembed\" frameborder=\"0\" allow=\"accelerometer; autoplay; clipboard-write; encrypted-media; gyroscope; picture-in-picture; web-share\" referrerpolicy=\"strict-origin-when-cross-origin\" allowfullscreen src=\"data:image\/gif;base64,R0lGODlhAQABAAAAACH5BAEKAAEALAAAAAABAAEAAAICTAEAOw==\" class=\"lazyload\" data-load-mode=\"1\"><\/iframe><\/p>\n<p class=\"p1\">Elise Joonas \u201cScience in 3 minutes\u201d presentation<\/p><\/div><div class='clear_column'><\/div>\n","protected":false},"excerpt":{"rendered":"<p>Center of Excellence videos &nbsp; Mario Kadastik talks about studying Applied Physics &nbsp; Environmental Toxicology videos &nbsp; [\/one_half_last] Ljudmila Klepinina\u00a0\u201cScience in 3 minutes\u201d presentation<\/p>\n","protected":false},"author":25,"featured_media":0,"parent":0,"menu_order":0,"comment_status":"closed","ping_status":"closed","template":"","meta":{"_acf_changed":false,"footnotes":""},"class_list":["post-4970","page","type-page","status-publish","hentry"],"acf":[],"_links":{"self":[{"href":"https:\/\/kbfi.ee\/en\/wp-json\/wp\/v2\/pages\/4970"}],"collection":[{"href":"https:\/\/kbfi.ee\/en\/wp-json\/wp\/v2\/pages"}],"about":[{"href":"https:\/\/kbfi.ee\/en\/wp-json\/wp\/v2\/types\/page"}],"author":[{"embeddable":true,"href":"https:\/\/kbfi.ee\/en\/wp-json\/wp\/v2\/users\/25"}],"replies":[{"embeddable":true,"href":"https:\/\/kbfi.ee\/en\/wp-json\/wp\/v2\/comments?post=4970"}],"version-history":[{"count":0,"href":"https:\/\/kbfi.ee\/en\/wp-json\/wp\/v2\/pages\/4970\/revisions"}],"wp:attachment":[{"href":"https:\/\/kbfi.ee\/en\/wp-json\/wp\/v2\/media?parent=4970"}],"curies":[{"name":"wp","href":"https:\/\/api.w.org\/{rel}","templated":true}]}}