{"id":4199,"date":"2020-04-22T17:34:42","date_gmt":"2020-04-22T14:34:42","guid":{"rendered":"http:\/\/kbfi.ee\/?page_id=4199"},"modified":"2020-04-22T17:37:49","modified_gmt":"2020-04-22T14:37:49","slug":"terahertsspektroskoopia-ja-madalate-temperatuuride-fuusika-ruhm","status":"publish","type":"page","link":"https:\/\/kbfi.ee\/en\/terahertsspektroskoopia-ja-madalate-temperatuuride-fuusika-ruhm\/","title":{"rendered":"THz spectroscopy &#038; low temperature physics group"},"content":{"rendered":"<p><img loading=\"lazy\" decoding=\"async\" class=\"alignnone size-large wp-image-4167 lazyload\" data-src=\"https:\/\/kbfi.ee\/wp-content\/uploads\/2020\/04\/THz_group_at_EQUiTANT_summer_meeting_by_johan-27-e1587563887631-1024x576.jpg\" alt=\"\" width=\"1024\" height=\"576\" data-srcset=\"https:\/\/www.kbfi.ee\/wp-content\/uploads\/2020\/04\/THz_group_at_EQUiTANT_summer_meeting_by_johan-27-e1587563887631-1024x576.jpg 1024w, https:\/\/www.kbfi.ee\/wp-content\/uploads\/2020\/04\/THz_group_at_EQUiTANT_summer_meeting_by_johan-27-e1587563887631-300x169.jpg 300w, https:\/\/www.kbfi.ee\/wp-content\/uploads\/2020\/04\/THz_group_at_EQUiTANT_summer_meeting_by_johan-27-e1587563887631-768x432.jpg 768w, https:\/\/www.kbfi.ee\/wp-content\/uploads\/2020\/04\/THz_group_at_EQUiTANT_summer_meeting_by_johan-27-e1587563887631-1536x864.jpg 1536w, https:\/\/www.kbfi.ee\/wp-content\/uploads\/2020\/04\/THz_group_at_EQUiTANT_summer_meeting_by_johan-27-e1587563887631-2048x1152.jpg 2048w\" data-sizes=\"(max-width: 1024px) 100vw, 1024px\" src=\"data:image\/gif;base64,R0lGODlhAQABAAAAACH5BAEKAAEALAAAAAABAAEAAAICTAEAOw==\" style=\"--smush-placeholder-width: 1024px; --smush-placeholder-aspect-ratio: 1024\/576;\" \/><noscript><img loading=\"lazy\" decoding=\"async\" class=\"alignnone size-large wp-image-4167\" src=\"https:\/\/kbfi.ee\/wp-content\/uploads\/2020\/04\/THz_group_at_EQUiTANT_summer_meeting_by_johan-27-e1587563887631-1024x576.jpg\" alt=\"\" width=\"1024\" height=\"576\" srcset=\"https:\/\/www.kbfi.ee\/wp-content\/uploads\/2020\/04\/THz_group_at_EQUiTANT_summer_meeting_by_johan-27-e1587563887631-1024x576.jpg 1024w, https:\/\/www.kbfi.ee\/wp-content\/uploads\/2020\/04\/THz_group_at_EQUiTANT_summer_meeting_by_johan-27-e1587563887631-300x169.jpg 300w, https:\/\/www.kbfi.ee\/wp-content\/uploads\/2020\/04\/THz_group_at_EQUiTANT_summer_meeting_by_johan-27-e1587563887631-768x432.jpg 768w, https:\/\/www.kbfi.ee\/wp-content\/uploads\/2020\/04\/THz_group_at_EQUiTANT_summer_meeting_by_johan-27-e1587563887631-1536x864.jpg 1536w, https:\/\/www.kbfi.ee\/wp-content\/uploads\/2020\/04\/THz_group_at_EQUiTANT_summer_meeting_by_johan-27-e1587563887631-2048x1152.jpg 2048w\" sizes=\"(max-width: 1024px) 100vw, 1024px\" \/><\/noscript><\/p>\n<p>Summer 2019: Anna \u0160ugai, Johan Viirok, Urmas Nagel, Laur Peedu, Toomas R\u00f5\u00f5m, Kirill Amelin, Tanzeeha Jafari.<\/p>\n<p>(Phd students Johan, Laur, Kirill ja Tanzeeha).<\/p>\n<p style=\"padding-left: 30px;\">Endised liikmed:<\/p>\n<p style=\"padding-left: 30px;\">Dan H\u00fcvonen 2002 &#8211; 2019, PhD 2008, starting from 2019 Roofit Solar Energy O\u00dc, Chief technology officer<\/p>\n<p style=\"padding-left: 30px;\">Tika Katuwal &#8211; post-doc\u00a02011-2013)<\/p>\n<p style=\"padding-left: 30px;\">Ge Min &#8211; post-doc\u00a02007 &#8211; 2011<\/p>\n<p style=\"padding-left: 30px;\">Taaniel Uleksin &#8211; BSc 2010, MSc 2012<\/p>\n","protected":false},"excerpt":{"rendered":"<p>Summer 2019: Anna \u0160ugai, Johan Viirok, Urmas Nagel, Laur Peedu, Toomas R\u00f5\u00f5m, Kirill Amelin, Tanzeeha Jafari. (Phd students Johan, Laur, Kirill ja Tanzeeha). Endised liikmed: Dan H\u00fcvonen <a class=\"read-more\" href=\"https:\/\/kbfi.ee\/en\/terahertsspektroskoopia-ja-madalate-temperatuuride-fuusika-ruhm\/\"><\/a><\/p>\n","protected":false},"author":6,"featured_media":0,"parent":0,"menu_order":0,"comment_status":"closed","ping_status":"closed","template":"","meta":{"_acf_changed":false,"footnotes":""},"class_list":["post-4199","page","type-page","status-publish","hentry"],"acf":[],"_links":{"self":[{"href":"https:\/\/kbfi.ee\/en\/wp-json\/wp\/v2\/pages\/4199"}],"collection":[{"href":"https:\/\/kbfi.ee\/en\/wp-json\/wp\/v2\/pages"}],"about":[{"href":"https:\/\/kbfi.ee\/en\/wp-json\/wp\/v2\/types\/page"}],"author":[{"embeddable":true,"href":"https:\/\/kbfi.ee\/en\/wp-json\/wp\/v2\/users\/6"}],"replies":[{"embeddable":true,"href":"https:\/\/kbfi.ee\/en\/wp-json\/wp\/v2\/comments?post=4199"}],"version-history":[{"count":0,"href":"https:\/\/kbfi.ee\/en\/wp-json\/wp\/v2\/pages\/4199\/revisions"}],"wp:attachment":[{"href":"https:\/\/kbfi.ee\/en\/wp-json\/wp\/v2\/media?parent=4199"}],"curies":[{"name":"wp","href":"https:\/\/api.w.org\/{rel}","templated":true}]}}