{"id":3283,"date":"2019-01-31T12:10:26","date_gmt":"2019-01-31T10:10:26","guid":{"rendered":"http:\/\/kbfi.ee\/?page_id=3283"},"modified":"2019-10-23T10:37:21","modified_gmt":"2019-10-23T07:37:21","slug":"publications-2","status":"publish","type":"page","link":"https:\/\/kbfi.ee\/en\/environmental-toxicology-2\/research\/publications-2\/","title":{"rendered":"2018"},"content":{"rendered":"<p>Bastos, C.A.P,\u00a0Faria, N.,\u00a0Ivask, A.,\u00a0Bondarenko, O.M.,\u00a0Kahru, A., and Powell, J. (2018). <strong>Ligand-Doped Copper Oxo-hydroxide\u00a0Nanoparticles are Effective Antimicrobials<\/strong>,\u00a0<em>Nanoscale Research Letters 13<\/em>, 111.<\/p>\n<div><a href=\"https:\/\/nanoscalereslett.springeropen.com\/articles\/10.1186\/s11671-018-2520-7\" target=\"_blank\" rel=\"noopener noreferrer\"><img loading=\"lazy\" decoding=\"async\" class=\"alignnone wp-image-1306 lazyload\" data-src=\"https:\/\/kbfi.ee\/wp-content\/uploads\/2015\/06\/OA-1024x410.png\" alt=\"OA\" width=\"100\" height=\"40\" data-srcset=\"https:\/\/kbfi.ee\/wp-content\/uploads\/2015\/06\/OA-1024x410.png 1024w, https:\/\/kbfi.ee\/wp-content\/uploads\/2015\/06\/OA-300x120.png 300w, https:\/\/kbfi.ee\/wp-content\/uploads\/2015\/06\/OA.png 2000w\" data-sizes=\"(max-width: 100px) 100vw, 100px\" src=\"data:image\/gif;base64,R0lGODlhAQABAAAAACH5BAEKAAEALAAAAAABAAEAAAICTAEAOw==\" style=\"--smush-placeholder-width: 100px; --smush-placeholder-aspect-ratio: 100\/40;\" \/><noscript><img loading=\"lazy\" decoding=\"async\" class=\"alignnone wp-image-1306 lazyload\" data-src=\"https:\/\/kbfi.ee\/wp-content\/uploads\/2015\/06\/OA-1024x410.png\" alt=\"OA\" width=\"100\" height=\"40\" data-srcset=\"https:\/\/kbfi.ee\/wp-content\/uploads\/2015\/06\/OA-1024x410.png 1024w, https:\/\/kbfi.ee\/wp-content\/uploads\/2015\/06\/OA-300x120.png 300w, https:\/\/kbfi.ee\/wp-content\/uploads\/2015\/06\/OA.png 2000w\" data-sizes=\"(max-width: 100px) 100vw, 100px\" src=\"data:image\/gif;base64,R0lGODlhAQABAAAAACH5BAEKAAEALAAAAAABAAEAAAICTAEAOw==\" style=\"--smush-placeholder-width: 100px; --smush-placeholder-aspect-ratio: 100\/40;\" \/><noscript><img loading=\"lazy\" decoding=\"async\" class=\"alignnone wp-image-1306 lazyload\" data-src=\"https:\/\/kbfi.ee\/wp-content\/uploads\/2015\/06\/OA-1024x410.png\" alt=\"OA\" width=\"100\" height=\"40\" data-srcset=\"https:\/\/kbfi.ee\/wp-content\/uploads\/2015\/06\/OA-1024x410.png 1024w, https:\/\/kbfi.ee\/wp-content\/uploads\/2015\/06\/OA-300x120.png 300w, https:\/\/kbfi.ee\/wp-content\/uploads\/2015\/06\/OA.png 2000w\" data-sizes=\"(max-width: 100px) 100vw, 100px\" src=\"data:image\/gif;base64,R0lGODlhAQABAAAAACH5BAEKAAEALAAAAAABAAEAAAICTAEAOw==\" style=\"--smush-placeholder-width: 100px; --smush-placeholder-aspect-ratio: 100\/40;\" \/><noscript><img loading=\"lazy\" decoding=\"async\" class=\"alignnone wp-image-1306 lazyload\" data-src=\"https:\/\/kbfi.ee\/wp-content\/uploads\/2015\/06\/OA-1024x410.png\" alt=\"OA\" width=\"100\" height=\"40\" data-srcset=\"https:\/\/kbfi.ee\/wp-content\/uploads\/2015\/06\/OA-1024x410.png 1024w, https:\/\/kbfi.ee\/wp-content\/uploads\/2015\/06\/OA-300x120.png 300w, https:\/\/kbfi.ee\/wp-content\/uploads\/2015\/06\/OA.png 2000w\" data-sizes=\"(max-width: 100px) 100vw, 100px\" src=\"data:image\/gif;base64,R0lGODlhAQABAAAAACH5BAEKAAEALAAAAAABAAEAAAICTAEAOw==\" style=\"--smush-placeholder-width: 100px; --smush-placeholder-aspect-ratio: 100\/40;\" \/><noscript><img loading=\"lazy\" decoding=\"async\" class=\"alignnone wp-image-1306\" src=\"https:\/\/kbfi.ee\/wp-content\/uploads\/2015\/06\/OA-1024x410.png\" alt=\"OA\" width=\"100\" height=\"40\" srcset=\"https:\/\/kbfi.ee\/wp-content\/uploads\/2015\/06\/OA-1024x410.png 1024w, https:\/\/kbfi.ee\/wp-content\/uploads\/2015\/06\/OA-300x120.png 300w, https:\/\/kbfi.ee\/wp-content\/uploads\/2015\/06\/OA.png 2000w\" sizes=\"(max-width: 100px) 100vw, 100px\" \/><\/noscript><\/noscript><\/noscript><\/noscript><\/a><\/div>\n<div class=\"controls large\">\n<p>&nbsp;<\/p>\n<p>Blinova, I., Muna, M., Lukjanova, A., Kahru A. (2018). <strong>Evaluation of the potential hazard of manufactured metal-based nanomaterials to health of aquatic ecosystems: state of the art.<\/strong> <em>Journal of International Scientific Publications: Ecology &amp; Safety, 12,<\/em> 174\u2212182.<\/p>\n<p>Blinova, I., Lukjanova, A., Muna, M., Vija, H. and Kahru, A. (2018).<strong> Evaluation of the potential hazard of lanthanides to freshwater microcrustaceans.<\/strong> <em>Science of the total environment<\/em>, 642, 1100\u22121107.<\/p>\n<\/div>\n<p>Blinova, I., Vija, H., Lukjanova, A., Muna, M., Syvertsen-Wiig, G., and Kahru, A. (2018). <strong>Assessment of the hazard of nine (doped) lanthanides-based ceramic oxides to four aquatic species.<\/strong> <em>Science of the Total Environment 612<\/em>,\u00a01171-1176.<\/p>\n<p>Bondarenko, O.M., Sihtm\u00e4e, M., Kuzmi\u010diova, J., Ragelien\u0117, L., Kahru, A., Daugelavi\u010dius, R. (2018). <a href=\"https:\/\/doi.org\/10.2147\/IJN.S177163\"><strong>Bacterial plasma membrane is the main cellular target of silver nanoparticles in <em>Escherichia coli<\/em> and <em>Pseudomonas aeruginosa<\/em><\/strong><\/a><strong>.<\/strong>\u00a0<em>International Journal of Nanomedicine <\/em><em> 13, <\/em>6779\u20146790<\/p>\n<p><a href=\"https:\/\/doi.org\/10.2147\/IJN.S177163\" target=\"_blank\" rel=\"noopener noreferrer\"><img loading=\"lazy\" decoding=\"async\" class=\"alignnone wp-image-1306 lazyload\" data-src=\"https:\/\/kbfi.ee\/wp-content\/uploads\/2015\/06\/OA-1024x410.png\" alt=\"OA\" width=\"100\" height=\"40\" data-srcset=\"https:\/\/kbfi.ee\/wp-content\/uploads\/2015\/06\/OA-1024x410.png 1024w, https:\/\/kbfi.ee\/wp-content\/uploads\/2015\/06\/OA-300x120.png 300w, https:\/\/kbfi.ee\/wp-content\/uploads\/2015\/06\/OA.png 2000w\" data-sizes=\"(max-width: 100px) 100vw, 100px\" src=\"data:image\/gif;base64,R0lGODlhAQABAAAAACH5BAEKAAEALAAAAAABAAEAAAICTAEAOw==\" style=\"--smush-placeholder-width: 100px; --smush-placeholder-aspect-ratio: 100\/40;\" \/><noscript><img loading=\"lazy\" decoding=\"async\" class=\"alignnone wp-image-1306 lazyload\" data-src=\"https:\/\/kbfi.ee\/wp-content\/uploads\/2015\/06\/OA-1024x410.png\" alt=\"OA\" width=\"100\" height=\"40\" data-srcset=\"https:\/\/kbfi.ee\/wp-content\/uploads\/2015\/06\/OA-1024x410.png 1024w, https:\/\/kbfi.ee\/wp-content\/uploads\/2015\/06\/OA-300x120.png 300w, https:\/\/kbfi.ee\/wp-content\/uploads\/2015\/06\/OA.png 2000w\" data-sizes=\"(max-width: 100px) 100vw, 100px\" src=\"data:image\/gif;base64,R0lGODlhAQABAAAAACH5BAEKAAEALAAAAAABAAEAAAICTAEAOw==\" style=\"--smush-placeholder-width: 100px; --smush-placeholder-aspect-ratio: 100\/40;\" \/><noscript><img loading=\"lazy\" decoding=\"async\" class=\"alignnone wp-image-1306 lazyload\" data-src=\"https:\/\/kbfi.ee\/wp-content\/uploads\/2015\/06\/OA-1024x410.png\" alt=\"OA\" width=\"100\" height=\"40\" data-srcset=\"https:\/\/kbfi.ee\/wp-content\/uploads\/2015\/06\/OA-1024x410.png 1024w, https:\/\/kbfi.ee\/wp-content\/uploads\/2015\/06\/OA-300x120.png 300w, https:\/\/kbfi.ee\/wp-content\/uploads\/2015\/06\/OA.png 2000w\" data-sizes=\"(max-width: 100px) 100vw, 100px\" src=\"data:image\/gif;base64,R0lGODlhAQABAAAAACH5BAEKAAEALAAAAAABAAEAAAICTAEAOw==\" style=\"--smush-placeholder-width: 100px; --smush-placeholder-aspect-ratio: 100\/40;\" \/><noscript><img loading=\"lazy\" decoding=\"async\" class=\"alignnone wp-image-1306 lazyload\" data-src=\"https:\/\/kbfi.ee\/wp-content\/uploads\/2015\/06\/OA-1024x410.png\" alt=\"OA\" width=\"100\" height=\"40\" data-srcset=\"https:\/\/kbfi.ee\/wp-content\/uploads\/2015\/06\/OA-1024x410.png 1024w, https:\/\/kbfi.ee\/wp-content\/uploads\/2015\/06\/OA-300x120.png 300w, https:\/\/kbfi.ee\/wp-content\/uploads\/2015\/06\/OA.png 2000w\" data-sizes=\"(max-width: 100px) 100vw, 100px\" src=\"data:image\/gif;base64,R0lGODlhAQABAAAAACH5BAEKAAEALAAAAAABAAEAAAICTAEAOw==\" style=\"--smush-placeholder-width: 100px; --smush-placeholder-aspect-ratio: 100\/40;\" \/><noscript><img loading=\"lazy\" decoding=\"async\" class=\"alignnone wp-image-1306\" src=\"https:\/\/kbfi.ee\/wp-content\/uploads\/2015\/06\/OA-1024x410.png\" alt=\"OA\" width=\"100\" height=\"40\" srcset=\"https:\/\/kbfi.ee\/wp-content\/uploads\/2015\/06\/OA-1024x410.png 1024w, https:\/\/kbfi.ee\/wp-content\/uploads\/2015\/06\/OA-300x120.png 300w, https:\/\/kbfi.ee\/wp-content\/uploads\/2015\/06\/OA.png 2000w\" sizes=\"(max-width: 100px) 100vw, 100px\" \/><\/noscript><\/noscript><\/noscript><\/noscript><\/a><\/p>\n<p>Ivask, A., Mitchell, A., Malysheva, A.,\u00a0Voelcker, N. H., and\u00a0Lombi, E.\u00a0(2018). <strong>Methodologies and approaches for the analysis of cell-nanoparticle interactions.\u00a0<\/strong><em>WIREs Nanomedicine and Nanobiotechnology 10,\u00a0<\/em>e1486<em>.<\/em><\/p>\n<p>Ivask, A., Pilkington, E. H., Blin, T., K\u00e4kinen, A., Vija, H., Visnapuu, M., Quinn, J. F.,\u00a0Whittaker, M. R., Qiao, R., Davis, T. P., Ke, P.-C., and Voelcker, N. H. (2018). <strong>Uptake and transcytosis of functionalized superparamagnetic iron oxide nanoparticles in an in vitro blood brain barrier model.<\/strong> <em>Biomaterials Science 6, <\/em>314-323.<\/p>\n<p>Kubo, A.-L., Capjak, I., Vr\u010dek, I.V., Bondarenko, O.M., Kurvet, I., Vija, H., Ivask, A., Kasemets, K., and Kahru, A. (2018). <strong>Antimicrobial potency of differently coated 10 and 50\u202fnm silver nanoparticles against clinically relevant bacteria <em>Escherichia coli<\/em> and <em>Staphylococcus aureus<\/em>.<\/strong><em> Colloids and Surfaces B: Biointerfaces 170<\/em>, 401\u2013410.<\/p>\n<p>McCormick, S.C.,\u00a0Tong, Z., Ivask, A., Morozesk, M., Voelcker, N.H.,\u00a0Lombi, E., and Priest, C. (2018). <strong>Optimization of binding B-lymphocytes in a microfluidic channel: surface modification, stasis time and shear response.<\/strong>\u00a0<em>Biofabrication 10,<\/em>\u00a0014101.<\/p>\n<p>Mukherjee, S.P., Bondarenko, O.M., Kohonen, P.,\u00a0 And\u00f3n, F.T., Brzicov\u00e1, T., Gessner, I., Mathur, S., Bottini, M., Calligari, P., Stella, L., Kisin, E., Shvedova, A., Autio, R., Salminen-Mankonen, H., Lahesmaa, R., and Fadeel, B. (2018). <strong>Macrophage sensing of single-walled carbon nanotubes <em>via<\/em> Toll-like receptors.<\/strong>\u00a0<em>Scientific Reports 8,<\/em>\u00a01115.<\/p>\n<p><a href=\"https:\/\/www.nature.com\/articles\/s41598-018-19521-9?WT.feed_name=subjects_nanotoxicology\" target=\"_blank\" rel=\"noopener noreferrer\"><img loading=\"lazy\" decoding=\"async\" class=\"alignnone wp-image-1306 lazyload\" data-src=\"https:\/\/kbfi.ee\/wp-content\/uploads\/2015\/06\/OA-1024x410.png\" alt=\"OA\" width=\"100\" height=\"40\" data-srcset=\"https:\/\/kbfi.ee\/wp-content\/uploads\/2015\/06\/OA-1024x410.png 1024w, https:\/\/kbfi.ee\/wp-content\/uploads\/2015\/06\/OA-300x120.png 300w, https:\/\/kbfi.ee\/wp-content\/uploads\/2015\/06\/OA.png 2000w\" data-sizes=\"(max-width: 100px) 100vw, 100px\" src=\"data:image\/gif;base64,R0lGODlhAQABAAAAACH5BAEKAAEALAAAAAABAAEAAAICTAEAOw==\" style=\"--smush-placeholder-width: 100px; --smush-placeholder-aspect-ratio: 100\/40;\" \/><noscript><img loading=\"lazy\" decoding=\"async\" class=\"alignnone wp-image-1306 lazyload\" data-src=\"https:\/\/kbfi.ee\/wp-content\/uploads\/2015\/06\/OA-1024x410.png\" alt=\"OA\" width=\"100\" height=\"40\" data-srcset=\"https:\/\/kbfi.ee\/wp-content\/uploads\/2015\/06\/OA-1024x410.png 1024w, https:\/\/kbfi.ee\/wp-content\/uploads\/2015\/06\/OA-300x120.png 300w, https:\/\/kbfi.ee\/wp-content\/uploads\/2015\/06\/OA.png 2000w\" data-sizes=\"(max-width: 100px) 100vw, 100px\" src=\"data:image\/gif;base64,R0lGODlhAQABAAAAACH5BAEKAAEALAAAAAABAAEAAAICTAEAOw==\" style=\"--smush-placeholder-width: 100px; --smush-placeholder-aspect-ratio: 100\/40;\" \/><noscript><img loading=\"lazy\" decoding=\"async\" class=\"alignnone wp-image-1306 lazyload\" data-src=\"https:\/\/kbfi.ee\/wp-content\/uploads\/2015\/06\/OA-1024x410.png\" alt=\"OA\" width=\"100\" height=\"40\" data-srcset=\"https:\/\/kbfi.ee\/wp-content\/uploads\/2015\/06\/OA-1024x410.png 1024w, https:\/\/kbfi.ee\/wp-content\/uploads\/2015\/06\/OA-300x120.png 300w, https:\/\/kbfi.ee\/wp-content\/uploads\/2015\/06\/OA.png 2000w\" data-sizes=\"(max-width: 100px) 100vw, 100px\" src=\"data:image\/gif;base64,R0lGODlhAQABAAAAACH5BAEKAAEALAAAAAABAAEAAAICTAEAOw==\" style=\"--smush-placeholder-width: 100px; --smush-placeholder-aspect-ratio: 100\/40;\" \/><noscript><img loading=\"lazy\" decoding=\"async\" class=\"alignnone wp-image-1306 lazyload\" data-src=\"https:\/\/kbfi.ee\/wp-content\/uploads\/2015\/06\/OA-1024x410.png\" alt=\"OA\" width=\"100\" height=\"40\" data-srcset=\"https:\/\/kbfi.ee\/wp-content\/uploads\/2015\/06\/OA-1024x410.png 1024w, https:\/\/kbfi.ee\/wp-content\/uploads\/2015\/06\/OA-300x120.png 300w, https:\/\/kbfi.ee\/wp-content\/uploads\/2015\/06\/OA.png 2000w\" data-sizes=\"(max-width: 100px) 100vw, 100px\" src=\"data:image\/gif;base64,R0lGODlhAQABAAAAACH5BAEKAAEALAAAAAABAAEAAAICTAEAOw==\" style=\"--smush-placeholder-width: 100px; --smush-placeholder-aspect-ratio: 100\/40;\" \/><noscript><img loading=\"lazy\" decoding=\"async\" class=\"alignnone wp-image-1306\" src=\"https:\/\/kbfi.ee\/wp-content\/uploads\/2015\/06\/OA-1024x410.png\" alt=\"OA\" width=\"100\" height=\"40\" srcset=\"https:\/\/kbfi.ee\/wp-content\/uploads\/2015\/06\/OA-1024x410.png 1024w, https:\/\/kbfi.ee\/wp-content\/uploads\/2015\/06\/OA-300x120.png 300w, https:\/\/kbfi.ee\/wp-content\/uploads\/2015\/06\/OA.png 2000w\" sizes=\"(max-width: 100px) 100vw, 100px\" \/><\/noscript><\/noscript><\/noscript><\/noscript><\/a><\/p>\n<p>Pikula, K.S., Zakharenko, A.M., Chaika, V.V., Vedyagin, A.A., Orlova, T.Yu., Mishakov, I.V., Kuznetsov, V.L., Park, S., Renieri, E.A., Kahru, A., Tsatsakis, A.M., Golokhvast K.S. (2018). <strong>Effects of carbon and silicon nanotubes and carbon nanofibers on marine microalgae <em>Heterosigma akashiwo.<\/em><\/strong> <em>Environmental Research 166<\/em>, 473-480.<\/p>\n<p>Rosenberg, M., Vija, H., Kahru, A., Keevil, C.W., and Ivask, A. (2018). <strong>Rapid in situ assessment of Cu-ion mediated effects and antibacterial efficacy of copper surfaces.<\/strong> <em>Scientific Reports 8, <\/em>8172.<\/p>\n<p><a href=\"https:\/\/www.nature.com\/articles\/s41598-018-26391-8\" target=\"_blank\" rel=\"noopener noreferrer\"><img loading=\"lazy\" decoding=\"async\" class=\"alignnone wp-image-1306 lazyload\" data-src=\"https:\/\/kbfi.ee\/wp-content\/uploads\/2015\/06\/OA-1024x410.png\" alt=\"OA\" width=\"100\" height=\"40\" data-srcset=\"https:\/\/kbfi.ee\/wp-content\/uploads\/2015\/06\/OA-1024x410.png 1024w, https:\/\/kbfi.ee\/wp-content\/uploads\/2015\/06\/OA-300x120.png 300w, https:\/\/kbfi.ee\/wp-content\/uploads\/2015\/06\/OA.png 2000w\" data-sizes=\"(max-width: 100px) 100vw, 100px\" src=\"data:image\/gif;base64,R0lGODlhAQABAAAAACH5BAEKAAEALAAAAAABAAEAAAICTAEAOw==\" style=\"--smush-placeholder-width: 100px; --smush-placeholder-aspect-ratio: 100\/40;\" \/><noscript><img loading=\"lazy\" decoding=\"async\" class=\"alignnone wp-image-1306 lazyload\" data-src=\"https:\/\/kbfi.ee\/wp-content\/uploads\/2015\/06\/OA-1024x410.png\" alt=\"OA\" width=\"100\" height=\"40\" data-srcset=\"https:\/\/kbfi.ee\/wp-content\/uploads\/2015\/06\/OA-1024x410.png 1024w, https:\/\/kbfi.ee\/wp-content\/uploads\/2015\/06\/OA-300x120.png 300w, https:\/\/kbfi.ee\/wp-content\/uploads\/2015\/06\/OA.png 2000w\" data-sizes=\"(max-width: 100px) 100vw, 100px\" src=\"data:image\/gif;base64,R0lGODlhAQABAAAAACH5BAEKAAEALAAAAAABAAEAAAICTAEAOw==\" style=\"--smush-placeholder-width: 100px; --smush-placeholder-aspect-ratio: 100\/40;\" \/><noscript><img loading=\"lazy\" decoding=\"async\" class=\"alignnone wp-image-1306 lazyload\" data-src=\"https:\/\/kbfi.ee\/wp-content\/uploads\/2015\/06\/OA-1024x410.png\" alt=\"OA\" width=\"100\" height=\"40\" data-srcset=\"https:\/\/kbfi.ee\/wp-content\/uploads\/2015\/06\/OA-1024x410.png 1024w, https:\/\/kbfi.ee\/wp-content\/uploads\/2015\/06\/OA-300x120.png 300w, https:\/\/kbfi.ee\/wp-content\/uploads\/2015\/06\/OA.png 2000w\" data-sizes=\"(max-width: 100px) 100vw, 100px\" src=\"data:image\/gif;base64,R0lGODlhAQABAAAAACH5BAEKAAEALAAAAAABAAEAAAICTAEAOw==\" style=\"--smush-placeholder-width: 100px; --smush-placeholder-aspect-ratio: 100\/40;\" \/><noscript><img loading=\"lazy\" decoding=\"async\" class=\"alignnone wp-image-1306 lazyload\" data-src=\"https:\/\/kbfi.ee\/wp-content\/uploads\/2015\/06\/OA-1024x410.png\" alt=\"OA\" width=\"100\" height=\"40\" data-srcset=\"https:\/\/kbfi.ee\/wp-content\/uploads\/2015\/06\/OA-1024x410.png 1024w, https:\/\/kbfi.ee\/wp-content\/uploads\/2015\/06\/OA-300x120.png 300w, https:\/\/kbfi.ee\/wp-content\/uploads\/2015\/06\/OA.png 2000w\" data-sizes=\"(max-width: 100px) 100vw, 100px\" src=\"data:image\/gif;base64,R0lGODlhAQABAAAAACH5BAEKAAEALAAAAAABAAEAAAICTAEAOw==\" style=\"--smush-placeholder-width: 100px; --smush-placeholder-aspect-ratio: 100\/40;\" \/><noscript><img loading=\"lazy\" decoding=\"async\" class=\"alignnone wp-image-1306\" src=\"https:\/\/kbfi.ee\/wp-content\/uploads\/2015\/06\/OA-1024x410.png\" alt=\"OA\" width=\"100\" height=\"40\" srcset=\"https:\/\/kbfi.ee\/wp-content\/uploads\/2015\/06\/OA-1024x410.png 1024w, https:\/\/kbfi.ee\/wp-content\/uploads\/2015\/06\/OA-300x120.png 300w, https:\/\/kbfi.ee\/wp-content\/uploads\/2015\/06\/OA.png 2000w\" sizes=\"(max-width: 100px) 100vw, 100px\" \/><\/noscript><\/noscript><\/noscript><\/noscript><\/a><\/p>\n<p>Visnapuu, M., Rosenberg, M.,\u00a0 Truska, E., N\u00f5mmiste, E., \u0160utka, A., Kahru, A., R\u00e4hn, M., Vija, H., Orup\u00f5ld, K., Kisand, V., and Ivask, A. (2018). <strong>UVA-induced antimicrobial activity of ZnO\/Ag nanocomposite covered surfaces.\u00a0<\/strong><em>Colloids and Surfaces B: Biointerfaces 169<\/em>, 222-232.<\/p>\n","protected":false},"excerpt":{"rendered":"<p>Bastos, C.A.P,\u00a0Faria, N.,\u00a0Ivask, A.,\u00a0Bondarenko, O.M.,\u00a0Kahru, A., and Powell, J. (2018). Ligand-Doped Copper Oxo-hydroxide\u00a0Nanoparticles are Effective Antimicrobials,\u00a0Nanoscale Research Letters 13, 111. &nbsp; Blinova, I., Muna, M., Lukjanova, A., <a class=\"read-more\" href=\"https:\/\/kbfi.ee\/en\/environmental-toxicology-2\/research\/publications-2\/\"><\/a><\/p>\n","protected":false},"author":27,"featured_media":0,"parent":1411,"menu_order":0,"comment_status":"open","ping_status":"open","template":"","meta":{"_acf_changed":false,"footnotes":""},"class_list":["post-3283","page","type-page","status-publish","hentry"],"acf":[],"_links":{"self":[{"href":"https:\/\/kbfi.ee\/en\/wp-json\/wp\/v2\/pages\/3283"}],"collection":[{"href":"https:\/\/kbfi.ee\/en\/wp-json\/wp\/v2\/pages"}],"about":[{"href":"https:\/\/kbfi.ee\/en\/wp-json\/wp\/v2\/types\/page"}],"author":[{"embeddable":true,"href":"https:\/\/kbfi.ee\/en\/wp-json\/wp\/v2\/users\/27"}],"replies":[{"embeddable":true,"href":"https:\/\/kbfi.ee\/en\/wp-json\/wp\/v2\/comments?post=3283"}],"version-history":[{"count":0,"href":"https:\/\/kbfi.ee\/en\/wp-json\/wp\/v2\/pages\/3283\/revisions"}],"up":[{"embeddable":true,"href":"https:\/\/kbfi.ee\/en\/wp-json\/wp\/v2\/pages\/1411"}],"wp:attachment":[{"href":"https:\/\/kbfi.ee\/en\/wp-json\/wp\/v2\/media?parent=3283"}],"curies":[{"name":"wp","href":"https:\/\/api.w.org\/{rel}","templated":true}]}}