{"id":2706,"date":"2018-01-03T11:51:43","date_gmt":"2018-01-03T09:51:43","guid":{"rendered":"http:\/\/kbfi.ee\/?page_id=2706&#038;lang=en"},"modified":"2018-01-22T11:15:19","modified_gmt":"2018-01-22T09:15:19","slug":"2017-2","status":"publish","type":"page","link":"https:\/\/kbfi.ee\/en\/environmental-toxicology-2\/research\/publications\/2017-2\/","title":{"rendered":"2017"},"content":{"rendered":"<p><span style=\"color: #333333;\">Ahonen, M., Kahru, A., Ivask, A., Kasemets, K., K\u00f5ljalg, S., Mantecca, P., Vinkovi\u0107 Vr\u010dek, I., Kein\u00e4nen-Toivola, M.M., and Crijns, F. (2017)\u00a0Proactive Approach for Safe Use of Antimicrobial Coatings in Healthcare Settings: Opinion of the COST Action Network AMiCI,\u00a0<em>International Journal of Environmental Research and Public Health 14<\/em>,<i>\u00a0<\/i>366.<\/span><\/p>\n<p><a href=\"http:\/\/www.mdpi.com\/1660-4601\/14\/4\/366\" target=\"_blank\" rel=\"noopener\"><img loading=\"lazy\" decoding=\"async\" class=\"wp-image-1306 alignnone lazyload\" data-src=\"https:\/\/kbfi.ee\/wp-content\/uploads\/2015\/06\/OA-1024x410.png\" alt=\"OA\" width=\"100\" height=\"40\" data-srcset=\"https:\/\/kbfi.ee\/wp-content\/uploads\/2015\/06\/OA-1024x410.png 1024w, https:\/\/kbfi.ee\/wp-content\/uploads\/2015\/06\/OA-300x120.png 300w, https:\/\/kbfi.ee\/wp-content\/uploads\/2015\/06\/OA.png 2000w\" data-sizes=\"(max-width: 100px) 100vw, 100px\" src=\"data:image\/gif;base64,R0lGODlhAQABAAAAACH5BAEKAAEALAAAAAABAAEAAAICTAEAOw==\" style=\"--smush-placeholder-width: 100px; --smush-placeholder-aspect-ratio: 100\/40;\" \/><noscript><img loading=\"lazy\" decoding=\"async\" class=\"wp-image-1306 alignnone lazyload\" data-src=\"https:\/\/kbfi.ee\/wp-content\/uploads\/2015\/06\/OA-1024x410.png\" alt=\"OA\" width=\"100\" height=\"40\" data-srcset=\"https:\/\/kbfi.ee\/wp-content\/uploads\/2015\/06\/OA-1024x410.png 1024w, https:\/\/kbfi.ee\/wp-content\/uploads\/2015\/06\/OA-300x120.png 300w, https:\/\/kbfi.ee\/wp-content\/uploads\/2015\/06\/OA.png 2000w\" data-sizes=\"(max-width: 100px) 100vw, 100px\" src=\"data:image\/gif;base64,R0lGODlhAQABAAAAACH5BAEKAAEALAAAAAABAAEAAAICTAEAOw==\" style=\"--smush-placeholder-width: 100px; --smush-placeholder-aspect-ratio: 100\/40;\" \/><noscript><img loading=\"lazy\" decoding=\"async\" class=\" wp-image-1306 alignnone\" src=\"https:\/\/kbfi.ee\/wp-content\/uploads\/2015\/06\/OA-1024x410.png\" alt=\"OA\" width=\"100\" height=\"40\" srcset=\"https:\/\/kbfi.ee\/wp-content\/uploads\/2015\/06\/OA-1024x410.png 1024w, https:\/\/kbfi.ee\/wp-content\/uploads\/2015\/06\/OA-300x120.png 300w, https:\/\/kbfi.ee\/wp-content\/uploads\/2015\/06\/OA.png 2000w\" sizes=\"(max-width: 100px) 100vw, 100px\" \/><\/noscript><\/noscript><\/a><\/p>\n<p>&nbsp;<\/p>\n<p><span style=\"color: #333333;\">Blinova, I., Kanarbik, L., Irha, N., and Kahru, A. (2017) Ecotoxicity of nanosized magnetite to crustacean\u00a0<em>Daphnia magna<\/em>\u00a0and duckweed\u00a0<em>Lemna minor<\/em>,\u00a0<em>Hydrobiologia 798<\/em>,\u00a0141-149.<\/span><\/p>\n<p>&nbsp;<\/p>\n<p><span style=\"color: #333333;\">Brehm, M., Kafka, A., Bamler, M., K\u00fchne, R., Sch\u00fc\u00fcrmann, G., Sikk, L., Burk, J., Burk, P., Tamm, T., T\u00e4mm, K., Pokhrel, S., M\u00e4dler, L., Kahru, A., Aruoja, V., Sihtm\u00e4e, M., Scott-Fordsmand, J., Sorensen, P.B., Escorihuela, L., Roca, C.P., Fern\u00e1ndez, A., Giralt, F., and Rallo, R. (2017) An Integrated Data-Driven Strategy for Safe-by-Design Nanoparticles: The FP7 MODERN Project, <em>Modelling the Toxicity of Nanoparticles<\/em>,\u00a0257-301.<\/span><\/p>\n<p>&nbsp;<\/p>\n<p><span style=\"color: #333333;\">Cifuentes-Rius, A., Ivask, A., Das, S., Penya-Auladell, N., Fabregas, L., Fletcher, N. L., Houston, Z. H., Thurecht, K. J., and Voelcker, N.H. (2017) Gold Nanocluster-Mediated Cellular Death under Electromagnetic Radiation,\u00a0<em>ACS Applied Materials and Interfaces 9(47)<\/em>, 41159\u201341167<em>.<\/em><\/span><\/p>\n<p>&nbsp;<\/p>\n<p><span style=\"color: #333333;\">Cifuentes-Rius, A., Ivask, A., Sporleder, E., Kaur, I., Assan, Y., Rao, S., Warther, D., Prestidge, C.A., Durand, J.O., and Voelcker, N.H. (2017) Dual-Action Cancer Therapy with Targeted Porous Silicon Nanovectors,\u00a0<em>Small 13(29)<\/em>, 1701201<em>.<\/em><\/span><\/p>\n<p>&nbsp;<\/p>\n<p><span style=\"color: #333333;\">Colombo, A., Saibene, M., Moschini, E., Bonfanti, P., Collini, M., Kasemets, K., and Mantecca, P. (2017) Teratogenic hazard of BPEI-coated silver nanoparticles to <em>Xenopus laevis<\/em>, <em>Nanotoxicology 11<\/em>, 405-418.<\/span><\/p>\n<p>&nbsp;<\/p>\n<p><span style=\"color: #333333;\">Dunne, C.P., Kein\u00e4nen-Toivola, M.M., Kahru, A., Teunissen, B., Olmez, H., Gouveia, I., Melo, L., Murzyn, K., Modic, M., Ahonen, M., Askew, P., Papadopoulos, T., Adlhart, C., and Crijns, F.R.L. (2017)\u00a0Anti-Microbial Coating Innovations to Prevent Infectious Diseases (AMiCI): COST Action CA15114,\u00a0<em>Bioengineered 8(6)<\/em>, 679-685<\/span><span style=\"color: #333333;\"><em>.<\/em><\/span><\/p>\n<p>&nbsp;<\/p>\n<p><span style=\"color: #333333;\">Gallud, A., Bondarenko, O., Feliu, N., Kupferschmidt, N., Atluri, R., Garcia-Bennett, A., and Fadeel, B. (2017) Macrophage activation status determines the internalization of mesoporous silica particles of different sizes: Exploring the role of different pattern recognition receptors,\u00a0<em>Biomaterials 121, <\/em>28-40.<\/span><\/p>\n<p>&nbsp;<\/p>\n<p><span style=\"color: #333333;\">Heinlaan, M., Muna, M., Juganson, \u00a0K., Oriekhova, O., Stoll, S., Kahru, A., and Slaveykova, V.I. (2017) Exposure to sublethal concentrations of Co<sub>3<\/sub>O<sub>4<\/sub> and Mn<sub>2<\/sub>O<sub>3<\/sub>\u00a0nanoparticles induced elevated metal body burden in <em>Daphnia magna<\/em>,\u00a0<em>Aquatic Toxicology 189,\u00a0123-133.<\/em><\/span><\/p>\n<p>&nbsp;<\/p>\n<p><span style=\"color: #333333;\">Ivask, A., Mitchell, A., Hope, C. M., Barry, S. M., Lombi, E.<\/span><span style=\"color: #333333;\">, and Voelcker, N. H. (2017).\u00a0Single cell level quantification of nanoparticle-cell interactions using mass cytometry.\u00a0<em>Analytical Chemistry<\/em> 89, 8228-8232<em>.<\/em><\/span><\/p>\n<p>&nbsp;<\/p>\n<p><span style=\"color: #333333;\">Ivask, A., Scheckel, K.G., Kapruwan, P., Stone, V., Yin, H., Voelcker, N., and Lombi, E. (2017) Complete transformation of ZnO and CuO nanoparticles in culture medium and lymphocyte cells during toxicity testing. <em>Nanotoxicology 11<\/em>, 150-156.<\/span><\/p>\n<p>&nbsp;<\/p>\n<p><span style=\"color: #333333;\">Joonas, E., Aruoja, V., Olli, K.<\/span><span style=\"color: #333333;\">, Syvertsen-Wiig, G., Vija, H., and Kahru, A.(2017) Potency of (doped) rare earth oxide particles and their constituent metals to inhibit algal growth and induce direct toxic effects,\u00a0<em>Science of the\u00a0Total Environment 593-594,<i>\u00a0<\/i><\/em>478\u2013486<em>.<\/em><\/span><\/p>\n<p>&nbsp;<\/p>\n<p><span style=\"color: #333333;\">Juganson, K., Mortimer, M., Ivask, A., Pucciarelli, S., Miceli, C., Orup\u00f5ld, K., and Kahru, A. (2017) Mechanisms of toxic action of silver nanoparticles in the protozoan Tetrahymena thermophila: from gene expression to phenotypic events, <em>Environmental Pollution 225<\/em>,<\/span>\u00a0481-489<span style=\"color: #333333;\">.<\/span><\/p>\n<p>&nbsp;<\/p>\n<p><span style=\"color: #333333;\">Kubo, A.-L., Kremer, L., Herrmann, S., Mitchell, S., Bondarenko, O., Kahru, A., and Streb, C. (2017) Antimicrobial Activity of Polyoxometalate Ionic Liquids (POM-ILs) against Clinically Relevant Pathogens, <em>ChemPlusChem,<\/em><\/span> <em>82,<\/em>\u00a0867-871<span style=\"color: #808080;\"><span style=\"color: #333333;\"><em>.<\/em><\/span>\u00a0<\/span><\/p>\n<p>&nbsp;<\/p>\n<p><span style=\"color: #333333;\">Kurvet, I., Juganson, K., Vija, H., Sihtm\u00e4e, M., Blinova, I., Syvertsen-Wiig, G., and Kahru, A. (2017)\u00a0Toxicity of Nine (Doped) Rare Earth Metal Oxides and Respective Individual Metals to Aquatic Microorganisms\u00a0<em>Vibrio fischeri<\/em>\u00a0and\u00a0<em>Tetrahymena thermophila, Materials 10<\/em>, 754.<\/span><\/p>\n<p><a href=\"http:\/\/www.mdpi.com\/1996-1944\/10\/7\/754\/htm\" target=\"_blank\" rel=\"noopener\"><img loading=\"lazy\" decoding=\"async\" class=\"alignnone wp-image-1306 lazyload\" data-src=\"https:\/\/kbfi.ee\/wp-content\/uploads\/2015\/06\/OA-1024x410.png\" alt=\"OA\" width=\"100\" height=\"40\" data-srcset=\"https:\/\/kbfi.ee\/wp-content\/uploads\/2015\/06\/OA-1024x410.png 1024w, https:\/\/kbfi.ee\/wp-content\/uploads\/2015\/06\/OA-300x120.png 300w, https:\/\/kbfi.ee\/wp-content\/uploads\/2015\/06\/OA.png 2000w\" data-sizes=\"(max-width: 100px) 100vw, 100px\" src=\"data:image\/gif;base64,R0lGODlhAQABAAAAACH5BAEKAAEALAAAAAABAAEAAAICTAEAOw==\" style=\"--smush-placeholder-width: 100px; --smush-placeholder-aspect-ratio: 100\/40;\" \/><noscript><img loading=\"lazy\" decoding=\"async\" class=\"alignnone wp-image-1306 lazyload\" data-src=\"https:\/\/kbfi.ee\/wp-content\/uploads\/2015\/06\/OA-1024x410.png\" alt=\"OA\" width=\"100\" height=\"40\" data-srcset=\"https:\/\/kbfi.ee\/wp-content\/uploads\/2015\/06\/OA-1024x410.png 1024w, https:\/\/kbfi.ee\/wp-content\/uploads\/2015\/06\/OA-300x120.png 300w, https:\/\/kbfi.ee\/wp-content\/uploads\/2015\/06\/OA.png 2000w\" data-sizes=\"(max-width: 100px) 100vw, 100px\" src=\"data:image\/gif;base64,R0lGODlhAQABAAAAACH5BAEKAAEALAAAAAABAAEAAAICTAEAOw==\" style=\"--smush-placeholder-width: 100px; --smush-placeholder-aspect-ratio: 100\/40;\" \/><noscript><img loading=\"lazy\" decoding=\"async\" class=\"alignnone wp-image-1306\" src=\"https:\/\/kbfi.ee\/wp-content\/uploads\/2015\/06\/OA-1024x410.png\" alt=\"OA\" width=\"100\" height=\"40\" srcset=\"https:\/\/kbfi.ee\/wp-content\/uploads\/2015\/06\/OA-1024x410.png 1024w, https:\/\/kbfi.ee\/wp-content\/uploads\/2015\/06\/OA-300x120.png 300w, https:\/\/kbfi.ee\/wp-content\/uploads\/2015\/06\/OA.png 2000w\" sizes=\"(max-width: 100px) 100vw, 100px\" \/><\/noscript><\/noscript><\/a><\/p>\n<p>&nbsp;<\/p>\n<p><span style=\"color: #333333;\">Mantecca, \u00a0P., Kasemets, K., Deokar, A., Perelshtein, I., Gedanken, A., Bakh, Y.K., Kianfar, B., and Wang, J. (2017)\u00a0Airborne Nanoparticle Release and Toxicological Risk from Metal-Oxide-Coated Textiles: Toward a Multiscale Safe-by-Design Approach,\u00a0<em>Environmental Science &amp; Technology\u00a0<\/em><em>51<\/em>, 9305-9317<em>.<\/em><\/span><\/p>\n<p>&nbsp;<\/p>\n<p><span style=\"color: #333333;\">Mardo, K., Visnapuu, T., Vija, H., Aasamets, A., Viigand, K., and Alam\u00e4e, T. (2017) A Highly Active Endo-Levanase BT1760 of a Dominant Mammalian Gut Commensal <em>Bacteroides<\/em> <em>thetaiotaomicron<\/em> Cleaves Not Only Various Bacterial Levans, but Also Levan of Timothy Grass,\u00a0<em>PLoS ONE 12<\/em>(1):e0169989<em>.<\/em><\/span><\/p>\n<p><a href=\"http:\/\/journals.plos.org\/plosone\/article?id=10.1371\/journal.pone.0169989\" target=\"_blank\" rel=\"noopener\"><img loading=\"lazy\" decoding=\"async\" class=\"wp-image-1306 alignnone lazyload\" data-src=\"https:\/\/kbfi.ee\/wp-content\/uploads\/2015\/06\/OA-1024x410.png\" alt=\"OA\" width=\"100\" height=\"40\" data-srcset=\"https:\/\/kbfi.ee\/wp-content\/uploads\/2015\/06\/OA-1024x410.png 1024w, https:\/\/kbfi.ee\/wp-content\/uploads\/2015\/06\/OA-300x120.png 300w, https:\/\/kbfi.ee\/wp-content\/uploads\/2015\/06\/OA.png 2000w\" data-sizes=\"(max-width: 100px) 100vw, 100px\" src=\"data:image\/gif;base64,R0lGODlhAQABAAAAACH5BAEKAAEALAAAAAABAAEAAAICTAEAOw==\" style=\"--smush-placeholder-width: 100px; --smush-placeholder-aspect-ratio: 100\/40;\" \/><noscript><img loading=\"lazy\" decoding=\"async\" class=\"wp-image-1306 alignnone lazyload\" data-src=\"https:\/\/kbfi.ee\/wp-content\/uploads\/2015\/06\/OA-1024x410.png\" alt=\"OA\" width=\"100\" height=\"40\" data-srcset=\"https:\/\/kbfi.ee\/wp-content\/uploads\/2015\/06\/OA-1024x410.png 1024w, https:\/\/kbfi.ee\/wp-content\/uploads\/2015\/06\/OA-300x120.png 300w, https:\/\/kbfi.ee\/wp-content\/uploads\/2015\/06\/OA.png 2000w\" data-sizes=\"(max-width: 100px) 100vw, 100px\" src=\"data:image\/gif;base64,R0lGODlhAQABAAAAACH5BAEKAAEALAAAAAABAAEAAAICTAEAOw==\" style=\"--smush-placeholder-width: 100px; --smush-placeholder-aspect-ratio: 100\/40;\" \/><noscript><img loading=\"lazy\" decoding=\"async\" class=\" wp-image-1306 alignnone\" src=\"https:\/\/kbfi.ee\/wp-content\/uploads\/2015\/06\/OA-1024x410.png\" alt=\"OA\" width=\"100\" height=\"40\" srcset=\"https:\/\/kbfi.ee\/wp-content\/uploads\/2015\/06\/OA-1024x410.png 1024w, https:\/\/kbfi.ee\/wp-content\/uploads\/2015\/06\/OA-300x120.png 300w, https:\/\/kbfi.ee\/wp-content\/uploads\/2015\/06\/OA.png 2000w\" sizes=\"(max-width: 100px) 100vw, 100px\" \/><\/noscript><\/noscript><\/a><\/p>\n<p>&nbsp;<\/p>\n<p><span style=\"color: #333333;\">McCormick, S.C., Kriel, F.H., Ivask, A., Tong, Z., Lombi, E., Voelcker, N.H., and Priest, C. (2017) The Use of Microfluidics in Cytotoxicity and Nanotoxicity Experiments. <em>Micromachines 8,<\/em>\u00a0124.<\/span><\/p>\n<p><a href=\"http:\/\/www.mdpi.com\/2072-666X\/8\/4\/124\/htm\" target=\"_blank\" rel=\"noopener\"><img loading=\"lazy\" decoding=\"async\" class=\"alignnone wp-image-1306 lazyload\" data-src=\"https:\/\/kbfi.ee\/wp-content\/uploads\/2015\/06\/OA-1024x410.png\" alt=\"OA\" width=\"100\" height=\"40\" data-srcset=\"https:\/\/kbfi.ee\/wp-content\/uploads\/2015\/06\/OA-1024x410.png 1024w, https:\/\/kbfi.ee\/wp-content\/uploads\/2015\/06\/OA-300x120.png 300w, https:\/\/kbfi.ee\/wp-content\/uploads\/2015\/06\/OA.png 2000w\" data-sizes=\"(max-width: 100px) 100vw, 100px\" src=\"data:image\/gif;base64,R0lGODlhAQABAAAAACH5BAEKAAEALAAAAAABAAEAAAICTAEAOw==\" style=\"--smush-placeholder-width: 100px; --smush-placeholder-aspect-ratio: 100\/40;\" \/><noscript><img loading=\"lazy\" decoding=\"async\" class=\"alignnone wp-image-1306 lazyload\" data-src=\"https:\/\/kbfi.ee\/wp-content\/uploads\/2015\/06\/OA-1024x410.png\" alt=\"OA\" width=\"100\" height=\"40\" data-srcset=\"https:\/\/kbfi.ee\/wp-content\/uploads\/2015\/06\/OA-1024x410.png 1024w, https:\/\/kbfi.ee\/wp-content\/uploads\/2015\/06\/OA-300x120.png 300w, https:\/\/kbfi.ee\/wp-content\/uploads\/2015\/06\/OA.png 2000w\" data-sizes=\"(max-width: 100px) 100vw, 100px\" src=\"data:image\/gif;base64,R0lGODlhAQABAAAAACH5BAEKAAEALAAAAAABAAEAAAICTAEAOw==\" style=\"--smush-placeholder-width: 100px; --smush-placeholder-aspect-ratio: 100\/40;\" \/><noscript><img loading=\"lazy\" decoding=\"async\" class=\"alignnone wp-image-1306\" src=\"https:\/\/kbfi.ee\/wp-content\/uploads\/2015\/06\/OA-1024x410.png\" alt=\"OA\" width=\"100\" height=\"40\" srcset=\"https:\/\/kbfi.ee\/wp-content\/uploads\/2015\/06\/OA-1024x410.png 1024w, https:\/\/kbfi.ee\/wp-content\/uploads\/2015\/06\/OA-300x120.png 300w, https:\/\/kbfi.ee\/wp-content\/uploads\/2015\/06\/OA.png 2000w\" sizes=\"(max-width: 100px) 100vw, 100px\" \/><\/noscript><\/noscript><\/a><\/p>\n<p>&nbsp;<\/p>\n<p><span style=\"color: #333333;\">Muna, M., Heinlaan, M., Blinova, I., Vija, H., and Kahru, A.\u00a0 (2017) Evaluation of the effect of test medium on total Cu body burden of nano CuO-exposed Daphnia magna: A TXRF spectroscopy study,\u00a0<em>Environmental Pollution 231,\u00a0<\/em>1488-1496.<\/span><\/p>\n<p>&nbsp;<\/p>\n<p><span style=\"color: #333333;\">Niinemets, \u00dc., Kahru, A., Mander, \u00dc., N\u00f5ges, P., N\u00f5ges, T., Tuvikene, A., and Vasem\u00e4gi, A. (2017) Interacting environmental and chemical stresses under global change in temperate aquatic ecosystems: stress responses, adaptation, and scaling,\u00a0<em>Regional Environmental Change 17,<\/em><\/span>\u00a0<span style=\"color: #333333;\">2061-2077.<\/span><\/p>\n<p>&nbsp;<\/p>\n<p><span style=\"color: #333333;\">Niinemets, \u00dc., Kahru, A., N\u00f5ges, P., Tuvikene, A., Vasem\u00e4gi, A., Mander, \u00dc., and N\u00f5ges, T. (2017) Environmental feedbacks in temperate aquatic ecosystems under global change: why do we need to consider chemical stressors?,\u00a0<em>Regional Environmental Change 17,<\/em><\/span>\u00a0<span style=\"color: #333333;\">2079-2096.<\/span><\/p>\n<p>&nbsp;<\/p>\n<p><span style=\"color: #333333;\">Piret, J.-P., Bondarenko, O.M., Boyles, M.S.P., Himly, M., Ribeiro, A.R., Benetti, F., Smal, C., Lima, B., Potthoff, A., Simion, M., Dumortier, E., Leite, P.E.C., Bottentuit Balottin, L., Granjeiro, J.M., Ivask, A., Kahru, A., Radauer-Preiml, I., Tischler, U., Duschl, A., Saout, C., Anguissola, S., Haase, A., Jacobs, A., Nelissen, I., Misra, S.K., and Toussaintm O. (2017).\u00a0Pan-European inter-laboratory studies on a panel of in vitro cytotoxicity and pro-inflammation assays for nanoparticles,\u00a0<em>Archives of Toxicology 91,\u00a0<\/em><\/span><span style=\"color: #333333;\">2315-2330.<\/span><\/p>\n<p>&nbsp;<\/p>\n<p><span style=\"color: #333333;\">Tong, Z., Ivask, A., Guo, K., McCormick, S., Lombi, E., Priest, C., and Voelcker, N.H. (2017) Crossed flow microfluidics for high throughput screening of bioactive chemical\u2013cell interactions. <em>Lab on a Chip\u00a017<\/em>, 501\u2212510.<\/span><\/p>\n<p>&nbsp;<\/p>\n<p><span style=\"color: #333333;\">Uudek\u00fcll, P., Kozlova, J., M\u00e4ndar, H., Link, J., Sihtm\u00e4e, M., K\u00e4osaar, S., Blinova, I., Kasemets, K., Kahru, A., Stern R., T\u00e4tte, T., Kukli, K., and Tamm, A. (2017)\u00a0Atomic Layer Deposition of Titanium Oxide Films on As-Synthesized Magnetic Ni Particles: Magnetic and Safety Properties,\u00a0<em>Journal of Magnetism and Magnetic Materials 429,<i>\u00a0<\/i><\/em>299-304.<\/span><\/p>\n<hr \/>\n<p>&nbsp;<\/p>\n","protected":false},"excerpt":{"rendered":"<p>Ahonen, M., Kahru, A., Ivask, A., Kasemets, K., K\u00f5ljalg, S., Mantecca, P., Vinkovi\u0107 Vr\u010dek, I., Kein\u00e4nen-Toivola, M.M., and Crijns, F. (2017)\u00a0Proactive Approach for Safe Use of Antimicrobial <a class=\"read-more\" href=\"https:\/\/kbfi.ee\/en\/environmental-toxicology-2\/research\/publications\/2017-2\/\"><\/a><\/p>\n","protected":false},"author":27,"featured_media":0,"parent":1414,"menu_order":0,"comment_status":"closed","ping_status":"closed","template":"","meta":{"_acf_changed":false,"footnotes":""},"class_list":["post-2706","page","type-page","status-publish","hentry"],"acf":[],"_links":{"self":[{"href":"https:\/\/kbfi.ee\/en\/wp-json\/wp\/v2\/pages\/2706"}],"collection":[{"href":"https:\/\/kbfi.ee\/en\/wp-json\/wp\/v2\/pages"}],"about":[{"href":"https:\/\/kbfi.ee\/en\/wp-json\/wp\/v2\/types\/page"}],"author":[{"embeddable":true,"href":"https:\/\/kbfi.ee\/en\/wp-json\/wp\/v2\/users\/27"}],"replies":[{"embeddable":true,"href":"https:\/\/kbfi.ee\/en\/wp-json\/wp\/v2\/comments?post=2706"}],"version-history":[{"count":0,"href":"https:\/\/kbfi.ee\/en\/wp-json\/wp\/v2\/pages\/2706\/revisions"}],"up":[{"embeddable":true,"href":"https:\/\/kbfi.ee\/en\/wp-json\/wp\/v2\/pages\/1414"}],"wp:attachment":[{"href":"https:\/\/kbfi.ee\/en\/wp-json\/wp\/v2\/media?parent=2706"}],"curies":[{"name":"wp","href":"https:\/\/api.w.org\/{rel}","templated":true}]}}