{"id":2377,"date":"2017-05-23T19:25:53","date_gmt":"2017-05-23T16:25:53","guid":{"rendered":"http:\/\/kbfi.ee\/?page_id=2377&#038;lang=en"},"modified":"2018-04-03T17:43:04","modified_gmt":"2018-04-03T14:43:04","slug":"trainers","status":"publish","type":"page","link":"https:\/\/kbfi.ee\/en\/cost-course2018\/trainers\/","title":{"rendered":"Trainers"},"content":{"rendered":"<h2>Trainers<\/h2>\n<ul>\n<li>Alberto Mantovani, Istituto Superiore di Sanit\u00e0 , Rome, Italy<\/li>\n<li>Laure Giamberini, Universit\u00e9 de Lorraine, Metz, France<\/li>\n<li>Natalia Ospina-Alvarez, University of Potsdam, Germany<\/li>\n<li>Antonio Cobelo-Garc\u00eda,\u00a0IIM-CSIC, Vigo, Spain<\/li>\n<li>Villem Aruoja,\u00a0NICPB, Tallinn, Estonia<\/li>\n<li>Elise Joonas,\u00a0NICPB, Tallinn, Estonia<\/li>\n<li>Margit Heinlaan,\u00a0NICPB, Tallinn, Estonia<\/li>\n<li>Marge Muna,\u00a0NICPB, Tallinn, Estonia<\/li>\n<li>Sonja Zimmermann, University of Duisburg-Essen, Germany<\/li>\n<li>Orish E Orisakwe,\u00a0University of Port Harcourt, Nigeria<\/li>\n<li>et al.<\/li>\n<\/ul>\n<p><img decoding=\"async\" data-src=\"https:\/\/kbfi.ee\/wp-content\/uploads\/2017\/05\/cost_logo.jpg\" src=\"data:image\/gif;base64,R0lGODlhAQABAAAAACH5BAEKAAEALAAAAAABAAEAAAICTAEAOw==\" class=\"lazyload\" style=\"--smush-placeholder-width: 171px; --smush-placeholder-aspect-ratio: 171\/49;\" \/><noscript><img decoding=\"async\" src=\"https:\/\/kbfi.ee\/wp-content\/uploads\/2017\/05\/cost_logo.jpg\" \/><\/noscript><\/p>\n","protected":false},"excerpt":{"rendered":"<p>Trainers Alberto Mantovani, Istituto Superiore di Sanit\u00e0 , Rome, Italy Laure Giamberini, Universit\u00e9 de Lorraine, Metz, France Natalia Ospina-Alvarez, University of Potsdam, Germany Antonio Cobelo-Garc\u00eda,\u00a0IIM-CSIC, Vigo, Spain <a class=\"read-more\" href=\"https:\/\/kbfi.ee\/en\/cost-course2018\/trainers\/\"><\/a><\/p>\n","protected":false},"author":20,"featured_media":0,"parent":2363,"menu_order":0,"comment_status":"closed","ping_status":"closed","template":"page10.php","meta":{"_acf_changed":false,"footnotes":""},"class_list":["post-2377","page","type-page","status-publish","hentry"],"acf":[],"_links":{"self":[{"href":"https:\/\/kbfi.ee\/en\/wp-json\/wp\/v2\/pages\/2377"}],"collection":[{"href":"https:\/\/kbfi.ee\/en\/wp-json\/wp\/v2\/pages"}],"about":[{"href":"https:\/\/kbfi.ee\/en\/wp-json\/wp\/v2\/types\/page"}],"author":[{"embeddable":true,"href":"https:\/\/kbfi.ee\/en\/wp-json\/wp\/v2\/users\/20"}],"replies":[{"embeddable":true,"href":"https:\/\/kbfi.ee\/en\/wp-json\/wp\/v2\/comments?post=2377"}],"version-history":[{"count":0,"href":"https:\/\/kbfi.ee\/en\/wp-json\/wp\/v2\/pages\/2377\/revisions"}],"up":[{"embeddable":true,"href":"https:\/\/kbfi.ee\/en\/wp-json\/wp\/v2\/pages\/2363"}],"wp:attachment":[{"href":"https:\/\/kbfi.ee\/en\/wp-json\/wp\/v2\/media?parent=2377"}],"curies":[{"name":"wp","href":"https:\/\/api.w.org\/{rel}","templated":true}]}}