{"id":2305,"date":"2017-04-09T10:52:57","date_gmt":"2017-04-09T07:52:57","guid":{"rendered":"http:\/\/kbfi.ee\/?page_id=2305"},"modified":"2023-07-11T15:33:21","modified_gmt":"2023-07-11T12:33:21","slug":"thz-group-members","status":"publish","type":"page","link":"https:\/\/kbfi.ee\/en\/chemical-physics\/research\/terahertz-spectroscopy-and-low-temperature-physics\/thz-group-members\/","title":{"rendered":"THz &#038; low temperature physics group"},"content":{"rendered":"<p><a href=\"https:\/\/kbfi.ee\/wp-content\/uploads\/2020\/04\/THz_group_at_EQUiTANT_summer_meeting_by_johan-27-e1587563887631.jpg\"><img loading=\"lazy\" decoding=\"async\" class=\"alignnone  wp-image-5585 lazyload\" data-src=\"https:\/\/kbfi.ee\/wp-content\/uploads\/2023\/07\/THz-group-August-2022-300x200.jpg\" alt=\"\" width=\"555\" height=\"370\" data-srcset=\"https:\/\/kbfi.ee\/wp-content\/uploads\/2023\/07\/THz-group-August-2022-300x200.jpg 300w, https:\/\/kbfi.ee\/wp-content\/uploads\/2023\/07\/THz-group-August-2022-1024x683.jpg 1024w, https:\/\/kbfi.ee\/wp-content\/uploads\/2023\/07\/THz-group-August-2022-768x512.jpg 768w, https:\/\/kbfi.ee\/wp-content\/uploads\/2023\/07\/THz-group-August-2022.jpg 1464w\" data-sizes=\"(max-width: 555px) 100vw, 555px\" src=\"data:image\/gif;base64,R0lGODlhAQABAAAAACH5BAEKAAEALAAAAAABAAEAAAICTAEAOw==\" style=\"--smush-placeholder-width: 555px; --smush-placeholder-aspect-ratio: 555\/370;\" \/><noscript><img loading=\"lazy\" decoding=\"async\" class=\"alignnone  wp-image-5585\" src=\"https:\/\/kbfi.ee\/wp-content\/uploads\/2023\/07\/THz-group-August-2022-300x200.jpg\" alt=\"\" width=\"555\" height=\"370\" srcset=\"https:\/\/kbfi.ee\/wp-content\/uploads\/2023\/07\/THz-group-August-2022-300x200.jpg 300w, https:\/\/kbfi.ee\/wp-content\/uploads\/2023\/07\/THz-group-August-2022-1024x683.jpg 1024w, https:\/\/kbfi.ee\/wp-content\/uploads\/2023\/07\/THz-group-August-2022-768x512.jpg 768w, https:\/\/kbfi.ee\/wp-content\/uploads\/2023\/07\/THz-group-August-2022.jpg 1464w\" sizes=\"(max-width: 555px) 100vw, 555px\" \/><\/noscript><\/a><\/p>\n<p>Tanzeeha Jafari, Aviv Glezer Moshe, Laur Peedu, Kirill Amelin, Toomas R\u00f5\u00f5m, Gir\u0161 Blumberg (Anna \u0160ugai is missing from the picture) in the summer of 2022 suvel (PhD students: Laur, Kirill ja Tanzeeha)<\/p>\n<p>Past group members:<\/p>\n<ul>\n<li>Kirill Amelin, PhD 2022<\/li>\n<li>Johan Viirok, PhD 2020<\/li>\n<li>Dan H\u00fcvonen 2002 &#8211; 2019, PhD 2008<\/li>\n<li>Tika Katuwal &#8211; post-doc 2011-2013<\/li>\n<li>Ge Min &#8211; post-doc\u00a02007 &#8211; 2011<\/li>\n<li>Taaniel Uleksin &#8211; batchelor 2010, MsSc 2012<\/li>\n<\/ul>\n","protected":false},"excerpt":{"rendered":"<p>Tanzeeha Jafari, Aviv Glezer Moshe, Laur Peedu, Kirill Amelin, Toomas R\u00f5\u00f5m, Gir\u0161 Blumberg (Anna \u0160ugai is missing from the picture) in the summer of 2022 suvel (PhD <a class=\"read-more\" href=\"https:\/\/kbfi.ee\/en\/chemical-physics\/research\/terahertz-spectroscopy-and-low-temperature-physics\/thz-group-members\/\"><\/a><\/p>\n","protected":false},"author":6,"featured_media":0,"parent":1441,"menu_order":0,"comment_status":"open","ping_status":"open","template":"","meta":{"_acf_changed":false,"footnotes":""},"class_list":["post-2305","page","type-page","status-publish","hentry"],"acf":[],"_links":{"self":[{"href":"https:\/\/kbfi.ee\/en\/wp-json\/wp\/v2\/pages\/2305"}],"collection":[{"href":"https:\/\/kbfi.ee\/en\/wp-json\/wp\/v2\/pages"}],"about":[{"href":"https:\/\/kbfi.ee\/en\/wp-json\/wp\/v2\/types\/page"}],"author":[{"embeddable":true,"href":"https:\/\/kbfi.ee\/en\/wp-json\/wp\/v2\/users\/6"}],"replies":[{"embeddable":true,"href":"https:\/\/kbfi.ee\/en\/wp-json\/wp\/v2\/comments?post=2305"}],"version-history":[{"count":0,"href":"https:\/\/kbfi.ee\/en\/wp-json\/wp\/v2\/pages\/2305\/revisions"}],"up":[{"embeddable":true,"href":"https:\/\/kbfi.ee\/en\/wp-json\/wp\/v2\/pages\/1441"}],"wp:attachment":[{"href":"https:\/\/kbfi.ee\/en\/wp-json\/wp\/v2\/media?parent=2305"}],"curies":[{"name":"wp","href":"https:\/\/api.w.org\/{rel}","templated":true}]}}