{"id":1969,"date":"2016-01-06T11:45:38","date_gmt":"2016-01-06T09:45:38","guid":{"rendered":"http:\/\/kbfi.ee\/?page_id=1969"},"modified":"2017-07-04T15:39:07","modified_gmt":"2017-07-04T12:39:07","slug":"2015-2","status":"publish","type":"page","link":"https:\/\/kbfi.ee\/en\/environmental-toxicology-2\/research\/publications\/2015-2\/","title":{"rendered":"2015"},"content":{"rendered":"<p><span style=\"color: #333333;\">Aruoja, V., Pokhrel, S., Sihtm\u00e4e, M., Mortimer, M., M\u00e4dler, L., and Kahru, A. (2015) Toxicity of 12 metal based nanoparticles to algae, bacteria and protozoa,\u00a0<em>Environmental Science: Nano 2<\/em>, 630-644.<\/span><\/p>\n<p>&nbsp;<\/p>\n<p>Ivask, A., Titma, T., Visnapuu, M., Vija<span style=\"color: #333333;\">, H., K\u00e4kinen, A., Sihtm\u00e4e, M., Pokhrel, S., M\u00e4dler, L., Heinlaan, M., Kisand, V., Shimmo, R., and Kahru, A. (2015) Toxicity of 11 metal oxide nanoparticles to three mammalian cell types<em> in vitro<\/em>,<\/span><em><span style=\"color: #333333;\">\u00a0Current Topics in Medicinal C<\/span>hemistry 15<\/em>, 1914-1929.<br \/>\n<a href=\"http:\/\/benthamscience.com\/journal\/abstracts.php?journalID=ctmc&amp;articleID=131069\" target=\"_blank\"><img loading=\"lazy\" decoding=\"async\" class=\"wp-image-1306 alignnone lazyload\" data-src=\"https:\/\/kbfi.ee\/wp-content\/uploads\/2015\/06\/OA-1024x410.png\" alt=\"OA\" width=\"100\" height=\"40\" data-srcset=\"https:\/\/kbfi.ee\/wp-content\/uploads\/2015\/06\/OA-1024x410.png 1024w, https:\/\/kbfi.ee\/wp-content\/uploads\/2015\/06\/OA-300x120.png 300w, https:\/\/kbfi.ee\/wp-content\/uploads\/2015\/06\/OA.png 2000w\" data-sizes=\"(max-width: 100px) 100vw, 100px\" src=\"data:image\/gif;base64,R0lGODlhAQABAAAAACH5BAEKAAEALAAAAAABAAEAAAICTAEAOw==\" style=\"--smush-placeholder-width: 100px; --smush-placeholder-aspect-ratio: 100\/40;\" \/><noscript><img loading=\"lazy\" decoding=\"async\" class=\"wp-image-1306 alignnone lazyload\" data-src=\"https:\/\/kbfi.ee\/wp-content\/uploads\/2015\/06\/OA-1024x410.png\" alt=\"OA\" width=\"100\" height=\"40\" data-srcset=\"https:\/\/kbfi.ee\/wp-content\/uploads\/2015\/06\/OA-1024x410.png 1024w, https:\/\/kbfi.ee\/wp-content\/uploads\/2015\/06\/OA-300x120.png 300w, https:\/\/kbfi.ee\/wp-content\/uploads\/2015\/06\/OA.png 2000w\" data-sizes=\"(max-width: 100px) 100vw, 100px\" src=\"data:image\/gif;base64,R0lGODlhAQABAAAAACH5BAEKAAEALAAAAAABAAEAAAICTAEAOw==\" style=\"--smush-placeholder-width: 100px; --smush-placeholder-aspect-ratio: 100\/40;\" \/><noscript><img loading=\"lazy\" decoding=\"async\" class=\" wp-image-1306 alignnone\" src=\"https:\/\/kbfi.ee\/wp-content\/uploads\/2015\/06\/OA-1024x410.png\" alt=\"OA\" width=\"100\" height=\"40\" srcset=\"https:\/\/kbfi.ee\/wp-content\/uploads\/2015\/06\/OA-1024x410.png 1024w, https:\/\/kbfi.ee\/wp-content\/uploads\/2015\/06\/OA-300x120.png 300w, https:\/\/kbfi.ee\/wp-content\/uploads\/2015\/06\/OA.png 2000w\" sizes=\"(max-width: 100px) 100vw, 100px\" \/><\/noscript><\/noscript><\/a><\/p>\n<p>&nbsp;<\/p>\n<p><span style=\"color: #333333;\">Ivask, A., Voelcker, N.H., Seabrook, A.A., Hor, M., Kirby, J.K., Fenech, M., Davis, T.P., Ke P.C. (2015) DNA Melting and Genotoxicity Induced by Silver Nanoparticles and Graphene. <em>Chemical Research in Toxicology 28<\/em>, 1023\u22121035.<\/span><\/p>\n<p>&nbsp;<\/p>\n<p>Joost, U., Juganson, K., Visnapuu, M., Mortimer, M., Kahru, A., N\u00f5mmiste, E., Joost, U., Kisand, V., and Ivask, A. (2015) Photocatalytic antibacterial activity of nano-TiO2 (anatase)-based thin films: Effects on <em>Escherichia coli<\/em> cells and fatty acids, <em>Journal of Photochemistry and Photobiology B-Biology<\/em> <em>142<\/em>, 178-185.<\/p>\n<p>&nbsp;<\/p>\n<p>Juganson, K., Ivask, A., Blinova, I., Mortimer, M., and Kahru A. (2015) NanoE-Tox: New and in-depth database concerning ecotoxicity of nanomaterials, <em>Beilstein Journal of Nanotechnology 6,\u00a0<\/em>1788-1804.<br \/>\n<a href=\"http:\/\/www.beilstein-journals.org\/bjnano\/content\/6\/1\/183\" target=\"_blank\"><img loading=\"lazy\" decoding=\"async\" class=\"wp-image-1306 alignnone lazyload\" data-src=\"https:\/\/kbfi.ee\/wp-content\/uploads\/2015\/06\/OA-1024x410.png\" alt=\"OA\" width=\"100\" height=\"40\" data-srcset=\"https:\/\/kbfi.ee\/wp-content\/uploads\/2015\/06\/OA-1024x410.png 1024w, https:\/\/kbfi.ee\/wp-content\/uploads\/2015\/06\/OA-300x120.png 300w, https:\/\/kbfi.ee\/wp-content\/uploads\/2015\/06\/OA.png 2000w\" data-sizes=\"(max-width: 100px) 100vw, 100px\" src=\"data:image\/gif;base64,R0lGODlhAQABAAAAACH5BAEKAAEALAAAAAABAAEAAAICTAEAOw==\" style=\"--smush-placeholder-width: 100px; --smush-placeholder-aspect-ratio: 100\/40;\" \/><noscript><img loading=\"lazy\" decoding=\"async\" class=\"wp-image-1306 alignnone lazyload\" data-src=\"https:\/\/kbfi.ee\/wp-content\/uploads\/2015\/06\/OA-1024x410.png\" alt=\"OA\" width=\"100\" height=\"40\" data-srcset=\"https:\/\/kbfi.ee\/wp-content\/uploads\/2015\/06\/OA-1024x410.png 1024w, https:\/\/kbfi.ee\/wp-content\/uploads\/2015\/06\/OA-300x120.png 300w, https:\/\/kbfi.ee\/wp-content\/uploads\/2015\/06\/OA.png 2000w\" data-sizes=\"(max-width: 100px) 100vw, 100px\" src=\"data:image\/gif;base64,R0lGODlhAQABAAAAACH5BAEKAAEALAAAAAABAAEAAAICTAEAOw==\" style=\"--smush-placeholder-width: 100px; --smush-placeholder-aspect-ratio: 100\/40;\" \/><noscript><img loading=\"lazy\" decoding=\"async\" class=\" wp-image-1306 alignnone\" src=\"https:\/\/kbfi.ee\/wp-content\/uploads\/2015\/06\/OA-1024x410.png\" alt=\"OA\" width=\"100\" height=\"40\" srcset=\"https:\/\/kbfi.ee\/wp-content\/uploads\/2015\/06\/OA-1024x410.png 1024w, https:\/\/kbfi.ee\/wp-content\/uploads\/2015\/06\/OA-300x120.png 300w, https:\/\/kbfi.ee\/wp-content\/uploads\/2015\/06\/OA.png 2000w\" sizes=\"(max-width: 100px) 100vw, 100px\" \/><\/noscript><\/noscript><\/a><\/p>\n<p>&nbsp;<\/p>\n<p>Kahru, A. (2015) Nanoh\u00f5be &#8211; kahe teraga m\u00f5\u00f5k, <em>Inseneeria 4\/2015<\/em>, 22-27.<\/p>\n<p><a href=\"https:\/\/kbfi.ee\/wp-content\/uploads\/2015\/06\/Nanohobe-kahe-teraga-mook.pdf\" target=\"_blank\"><em>Loe artiklit<\/em><\/a><\/p>\n<p>&nbsp;<\/p>\n<p>Kaweeteerawat, C., Chang, C. H., Roy, K. R., Liu, R., Li, R., Toso, D., Fischer, H., Ivask, A., Ji, Z., Zink, J. I., Zhou, Z. H., Chanfreau, G. F., Telesca, D., Cohen, Y., Holden, P. A., Nel, A. E., and Godwin, H. A. (2015) Cu Nanoparticles Have Different Impacts in Escherichia coli and Lactobacillus brevis than Their Microsized and Ionic Analogues,\u00a0<em>ACS Nano 9<\/em>, 7215-7225.<\/p>\n<p>&nbsp;<\/p>\n<p>Kaweeteerawat, C., Ivask, A., Liu, R., Zhang, H., Chang, C. H., Low-Kam, C., Fischer, H., Ji, Z., Pokhrel, S., Cohen, Y., Telesca, D., Zink, J., M\u00e4dler, L., Holden, P. A., Nel, A., and Godwin, H. (2015) Toxicity of Metal Oxide Nanoparticles in <em>Escherichia coli<\/em> Correlates with Conduction Band and Hydration Energies, <em>Environmental Science &amp; Technology<\/em> <em>49<\/em>, 1105-1112.<\/p>\n<p>&nbsp;<\/p>\n<p><span dir=\"ltr\">Reinik, J., Irha, N., Steinnes, E., Piirisalu, E., Aruoja, V., Schultz, E., and Lepp\u00e4nen, M. (2015) Characterization of water extracts of oil shale retorting residues from gaseous and solid heat carrier processes, <em>Fuel Processing Technology 131<\/em>, 443-451.<\/span><\/p>\n<p>&nbsp;<\/p>\n<p>Suppi, S., Kasemets, K., Ivask, A., K\u00fcnnis-Beres, K., Sihtm\u00e4e, M., Kurvet, I., Aruoja, V., and Kahru, A. (2015) A novel method for comparison of biocidal properties of nanomaterials to bacteria, yeasts and algae, <em>Journal of Hazardous Materials<\/em> <em>286<\/em>, 75-84.<\/p>\n<p>&nbsp;<\/p>\n<p>Trummal, K., Samel, M., Aasp\u00f5llu, A., T\u00f5nism\u00e4gi, K., Titma, T., Subbi, J., Siigur, J., and Siigur, E. (2015) 5&#8242;-Nucleotidase from <em>Vipera lebetina<\/em> venom, <em>Toxicon<\/em> <em>93<\/em>, 155-163.<\/p>\n<hr \/>\n<p>Aruoja, V., Sihtm\u00e4e, M., and Kahru, A. (2015)\u00a0 Toxicity of metallic nanoparticles to algae is mediated by agglomeration and reactive oxygen species formation, <em>Toxicology Letters 238 (2)<\/em>, S215.<\/p>\n<p>&nbsp;<\/p>\n<p>Bondarenko, O., K\u00e4kinen, A., Nurmsoo, H., and Kahru, A. (2015) Dissolution of CuO nanoparticles and their in vitro toxicity to Caco-2 cells and bacteria Escherichia coli depends on CuO ultrasonication protocol, <em>Toxicology Letters 238 (2)<\/em>, S210.<\/p>\n<p>&nbsp;<\/p>\n<p>Kahru, A., Blinova, I., Ivask, A., Kasemets, K., Bondarenko, O., Mortimer, M., and Aruoja, V. (2015) Novel developments in ecosafety of metal-containing nanomaterials, <em>Toxicology Letters 238 (2)<\/em>, S46.<\/p>\n<p>&nbsp;<\/p>\n<p>Kurvet, I., K\u00fcnnis-Beres, K., Kasemets, K., and Kahru, A. (2015) The antibacterial potency of silver-containing socks, <em>Toxicology Letters 238 (2)<\/em>, S137-S138.<\/p>\n","protected":false},"excerpt":{"rendered":"<p>Aruoja, V., Pokhrel, S., Sihtm\u00e4e, M., Mortimer, M., M\u00e4dler, L., and Kahru, A. (2015) Toxicity of 12 metal based nanoparticles to algae, bacteria and protozoa,\u00a0Environmental Science: Nano <a class=\"read-more\" href=\"https:\/\/kbfi.ee\/en\/environmental-toxicology-2\/research\/publications\/2015-2\/\"><\/a><\/p>\n","protected":false},"author":27,"featured_media":0,"parent":1414,"menu_order":0,"comment_status":"open","ping_status":"open","template":"","meta":{"_acf_changed":false,"footnotes":""},"class_list":["post-1969","page","type-page","status-publish","hentry"],"acf":[],"_links":{"self":[{"href":"https:\/\/kbfi.ee\/en\/wp-json\/wp\/v2\/pages\/1969"}],"collection":[{"href":"https:\/\/kbfi.ee\/en\/wp-json\/wp\/v2\/pages"}],"about":[{"href":"https:\/\/kbfi.ee\/en\/wp-json\/wp\/v2\/types\/page"}],"author":[{"embeddable":true,"href":"https:\/\/kbfi.ee\/en\/wp-json\/wp\/v2\/users\/27"}],"replies":[{"embeddable":true,"href":"https:\/\/kbfi.ee\/en\/wp-json\/wp\/v2\/comments?post=1969"}],"version-history":[{"count":0,"href":"https:\/\/kbfi.ee\/en\/wp-json\/wp\/v2\/pages\/1969\/revisions"}],"up":[{"embeddable":true,"href":"https:\/\/kbfi.ee\/en\/wp-json\/wp\/v2\/pages\/1414"}],"wp:attachment":[{"href":"https:\/\/kbfi.ee\/en\/wp-json\/wp\/v2\/media?parent=1969"}],"curies":[{"name":"wp","href":"https:\/\/api.w.org\/{rel}","templated":true}]}}