{"id":1917,"date":"2015-11-30T13:32:36","date_gmt":"2015-11-30T11:32:36","guid":{"rendered":"http:\/\/kbfi.ee\/?page_id=1917"},"modified":"2015-11-30T13:32:36","modified_gmt":"2015-11-30T11:32:36","slug":"2011-2","status":"publish","type":"page","link":"https:\/\/kbfi.ee\/en\/environmental-toxicology-2\/research\/publications\/2011-2\/","title":{"rendered":"2011"},"content":{"rendered":"<p>Aruoja, V., Sihtm\u00e4e, M., Dubourguier, H.-C., and Kahru, A. (2011) Toxicity of 58 substituted anilines and phenols to algae <em>Pseudokirchneriella subcapitata<\/em> and bacteria <em>Vibrio fischeri<\/em>: Comparison with published data and QSARs, <em>Chemosphere<\/em> <em>84<\/em>, 1310-1320.<\/p>\n<p>&nbsp;<\/p>\n<p>Heinlaan, M., Kahru, A., Kasemets, K., Arbeille, B., Prensier, G., and Dubourguier, H.-C. (2011) Changes in the <em>Daphnia magna<\/em> midgut upon ingestion of copper oxide nanoparticles: A transmission electron microscopy study, <em>Water Research<\/em> <em>45<\/em>, 179-190.<\/p>\n<p>&nbsp;<\/p>\n<p>Ivask, A., Dubourguier, H.-C., P\u00f5llumaa, L., and Kahru, A. (2011) Bioavailability of Cd in 110 polluted topsoils to recombinant bioluminescent sensor bacteria: effect of soil particulate matter, <em>Journal of Soils and Sediments<\/em> <em>11<\/em>, 231-237.<\/p>\n<p>&nbsp;<\/p>\n<p>Kahru, A., Ivask, A., Kasemets, K., and Blinova I. (2011). Nanotoxicology: science at the interfaces. Estonian perspective, In: <em>Research in Estonia. Present and future<\/em>. (Engelbrecht, J., and Varlamova, G., Eds.), pp. 346-367. Estonian Academy of Sciences.<\/p>\n<p>&nbsp;<\/p>\n<p>Kahru, A.\u00a0 (2011) S\u00fcnteetiliste nanoosakeste \u00f6kotoksikoloogia ja toksilisuse mehhanismid. Teaduspreemia geo-ja bioteaduste alal uurimuste ts\u00fckli eest, In:<em> &#8216;Eesti Vabariigi Teaduspreemiad&#8217;. 2011,<\/em> pp. 103-126. Tallinn.<\/p>\n<p>&nbsp;<\/p>\n<p>Kurvet, I., Ivask, A., Bondarenko, O., Sihtm\u00e4e, M., and Kahru, A. (2011) LuxCDABE-Transformed Constitutively Bioluminescent <em>Escherichia coli<\/em> for Toxicity Screening: Comparison with Naturally Luminous <em>Vibrio fischeri<\/em>, <em>Sensors<\/em> <em>11<\/em>, 7865-7878.<br \/>\n<a href=\"http:\/\/www.mdpi.com\/1424-8220\/11\/8\/7865\" target=\"_blank\"><img loading=\"lazy\" decoding=\"async\" class=\"wp-image-1306 alignnone lazyload\" data-src=\"https:\/\/kbfi.ee\/wp-content\/uploads\/2015\/06\/OA-1024x410.png\" alt=\"OA\" width=\"100\" height=\"40\" data-srcset=\"https:\/\/kbfi.ee\/wp-content\/uploads\/2015\/06\/OA-1024x410.png 1024w, https:\/\/kbfi.ee\/wp-content\/uploads\/2015\/06\/OA-300x120.png 300w, https:\/\/kbfi.ee\/wp-content\/uploads\/2015\/06\/OA.png 2000w\" data-sizes=\"(max-width: 100px) 100vw, 100px\" src=\"data:image\/gif;base64,R0lGODlhAQABAAAAACH5BAEKAAEALAAAAAABAAEAAAICTAEAOw==\" style=\"--smush-placeholder-width: 100px; --smush-placeholder-aspect-ratio: 100\/40;\" \/><noscript><img loading=\"lazy\" decoding=\"async\" class=\"wp-image-1306 alignnone lazyload\" data-src=\"https:\/\/kbfi.ee\/wp-content\/uploads\/2015\/06\/OA-1024x410.png\" alt=\"OA\" width=\"100\" height=\"40\" data-srcset=\"https:\/\/kbfi.ee\/wp-content\/uploads\/2015\/06\/OA-1024x410.png 1024w, https:\/\/kbfi.ee\/wp-content\/uploads\/2015\/06\/OA-300x120.png 300w, https:\/\/kbfi.ee\/wp-content\/uploads\/2015\/06\/OA.png 2000w\" data-sizes=\"(max-width: 100px) 100vw, 100px\" src=\"data:image\/gif;base64,R0lGODlhAQABAAAAACH5BAEKAAEALAAAAAABAAEAAAICTAEAOw==\" style=\"--smush-placeholder-width: 100px; --smush-placeholder-aspect-ratio: 100\/40;\" \/><noscript><img loading=\"lazy\" decoding=\"async\" class=\" wp-image-1306 alignnone\" src=\"https:\/\/kbfi.ee\/wp-content\/uploads\/2015\/06\/OA-1024x410.png\" alt=\"OA\" width=\"100\" height=\"40\" srcset=\"https:\/\/kbfi.ee\/wp-content\/uploads\/2015\/06\/OA-1024x410.png 1024w, https:\/\/kbfi.ee\/wp-content\/uploads\/2015\/06\/OA-300x120.png 300w, https:\/\/kbfi.ee\/wp-content\/uploads\/2015\/06\/OA.png 2000w\" sizes=\"(max-width: 100px) 100vw, 100px\" \/><\/noscript><\/noscript><\/a><\/p>\n<p>&nbsp;<\/p>\n<p>K\u00e4kinen, A., Bondarenko, O., Ivask, A., and Kahru, A. (2011) The Effect of Composition of Different Ecotoxicological Test Media on Free and Bioavailable Copper from CuSO4 and CuO Nanoparticles: Comparative Evidence from a Cu-Selective Electrode and a Cu-Biosensor, <em>Sensors<\/em> <em>11<\/em>, 10502-10521.<br \/>\n<a href=\"http:\/\/www.mdpi.com\/1424-8220\/11\/11\/10502\" target=\"_blank\"><img loading=\"lazy\" decoding=\"async\" class=\"wp-image-1306 alignnone lazyload\" data-src=\"https:\/\/kbfi.ee\/wp-content\/uploads\/2015\/06\/OA-1024x410.png\" alt=\"OA\" width=\"100\" height=\"40\" data-srcset=\"https:\/\/kbfi.ee\/wp-content\/uploads\/2015\/06\/OA-1024x410.png 1024w, https:\/\/kbfi.ee\/wp-content\/uploads\/2015\/06\/OA-300x120.png 300w, https:\/\/kbfi.ee\/wp-content\/uploads\/2015\/06\/OA.png 2000w\" data-sizes=\"(max-width: 100px) 100vw, 100px\" src=\"data:image\/gif;base64,R0lGODlhAQABAAAAACH5BAEKAAEALAAAAAABAAEAAAICTAEAOw==\" style=\"--smush-placeholder-width: 100px; --smush-placeholder-aspect-ratio: 100\/40;\" \/><noscript><img loading=\"lazy\" decoding=\"async\" class=\"wp-image-1306 alignnone lazyload\" data-src=\"https:\/\/kbfi.ee\/wp-content\/uploads\/2015\/06\/OA-1024x410.png\" alt=\"OA\" width=\"100\" height=\"40\" data-srcset=\"https:\/\/kbfi.ee\/wp-content\/uploads\/2015\/06\/OA-1024x410.png 1024w, https:\/\/kbfi.ee\/wp-content\/uploads\/2015\/06\/OA-300x120.png 300w, https:\/\/kbfi.ee\/wp-content\/uploads\/2015\/06\/OA.png 2000w\" data-sizes=\"(max-width: 100px) 100vw, 100px\" src=\"data:image\/gif;base64,R0lGODlhAQABAAAAACH5BAEKAAEALAAAAAABAAEAAAICTAEAOw==\" style=\"--smush-placeholder-width: 100px; --smush-placeholder-aspect-ratio: 100\/40;\" \/><noscript><img loading=\"lazy\" decoding=\"async\" class=\" wp-image-1306 alignnone\" src=\"https:\/\/kbfi.ee\/wp-content\/uploads\/2015\/06\/OA-1024x410.png\" alt=\"OA\" width=\"100\" height=\"40\" srcset=\"https:\/\/kbfi.ee\/wp-content\/uploads\/2015\/06\/OA-1024x410.png 1024w, https:\/\/kbfi.ee\/wp-content\/uploads\/2015\/06\/OA-300x120.png 300w, https:\/\/kbfi.ee\/wp-content\/uploads\/2015\/06\/OA.png 2000w\" sizes=\"(max-width: 100px) 100vw, 100px\" \/><\/noscript><\/noscript><\/a><\/p>\n<p>&nbsp;<\/p>\n<p>Luna-delRisco, M., Orupold, K., and Dubourguier, H.-C. (2011) Particle-size effect of CuO and ZnO on biogas and methane production during anaerobic digestion, <em>Journal of Hazardous Materials<\/em> <em>189<\/em>, 603-608.<\/p>\n<p>&nbsp;<\/p>\n<p>Mortimer, M., Kasemets, K., Vodovnik, M., Marinsek-Logar, R., and Kahru, A. (2011) Exposure to CuO Nanoparticles Changes the Fatty Acid Composition of Protozoa <em>Tetrahymena thermophila<\/em>, <em>Environmental Science &amp; Technology<\/em> <em>45<\/em>, 6617-6624.<\/p>\n<hr \/>\n<p>Aruoja, V., Sihtm\u00e4e, M., and Kahru, A. (2011). Toxicity of Substituted Anilines and Phenols to Algae <em>Pseudokirchneriella subcapitata<\/em> and Bacteria <em>Vibrio fischeri<\/em>: Comparison with Published Data and QSARs. In: <em>Book of Abstracts of 15th International Symposium of Toxicity Assessment: 15th International Symposium on Toxicity Assessment (ISTA)<\/em>,\u00a0July 3-8,\u00a0Hong Kong, O-47.<\/p>\n<p>&nbsp;<\/p>\n<p>Blinova, I.; Kajankari, P.; Kanarbik, L.; Heinlaan, M., and Kahru A. (2011). Evaluation of the potential hazard of silver nanoparticles to crustaceans. In: <em>Book of Abstracts of 15th International Symposium of Toxicity Assessment (ISTA15)<\/em>, July 3-8,\u00a0Hong Kong, P-38.<\/p>\n<p>&nbsp;<\/p>\n<p>Bondarenko, O., Ivask, A., and Kahru, A. (2011) Oxidative and genotoxic properties of CuO nanoparticles to <em>Escherichia coli<\/em> are due to solubilised Cu-ions, <em>Toxicology Letters<\/em> <em>205<\/em>, S280-S280.<\/p>\n<p>&nbsp;<\/p>\n<p>Kahru, A., Ivask, A., Blinova, I., Kasemets, K., Bondarenko, O., Mortimer, M., Heinlaan, M., K\u00e4kinen, A., and Aruoja, V. (2011) Nan(eco)toxicology: science at the interphases. In: <em>Book of abstracts of International conference on materials and technologies for green chemistry jointy with Workshop of COST Action CM0903 (UBIOCHEM-II)<\/em>, Sept 5-9, Tallinn, Estonia. pp. 22.<\/p>\n<p>&nbsp;<\/p>\n<p>Kahru, A., Bondarenko, O., Kajankari, P., K\u00e4kinen, A., Ivask, A., Kasemets, K., Mortimer, M., and Blinova, I. (2011) Bioavailability and toxicity of copper oxide and silver nanoparticles to bacteria, yeasts, crustaceans and protozoa, <em>Toxicology Letters<\/em> <em>205<\/em>, S284-S285.<\/p>\n<p>&nbsp;<\/p>\n<p>K\u00e4kinen, A., Vija, H., Bondarenko, O., Juganson, K., Blinova, I., and Kahru, A. (2011). Physico-chemical Characterisation of Silver and Copper Nanoparticles for Ecotoxicological Studies. In: <em>Book of Abstracts: 14th IUPAC International Symposium on Macro Molecular Complexes, MMC-14<\/em>, August 14-17, Helsinki, Finland, pp. 201 &#8211; 201.<\/p>\n<p>&nbsp;<\/p>\n<p>M\u00fcrkidest, teadusest ja inimestest (2011). Rein Veskim\u00e4e intervjueerib Anne Kahrut. Horisont, 3, 18-25.<\/p>\n<p>&nbsp;<\/p>\n","protected":false},"excerpt":{"rendered":"<p>Aruoja, V., Sihtm\u00e4e, M., Dubourguier, H.-C., and Kahru, A. (2011) Toxicity of 58 substituted anilines and phenols to algae Pseudokirchneriella subcapitata and bacteria Vibrio fischeri: Comparison with <a class=\"read-more\" href=\"https:\/\/kbfi.ee\/en\/environmental-toxicology-2\/research\/publications\/2011-2\/\"><\/a><\/p>\n","protected":false},"author":27,"featured_media":0,"parent":1414,"menu_order":0,"comment_status":"open","ping_status":"open","template":"","meta":{"_acf_changed":false,"footnotes":""},"class_list":["post-1917","page","type-page","status-publish","hentry"],"acf":[],"_links":{"self":[{"href":"https:\/\/kbfi.ee\/en\/wp-json\/wp\/v2\/pages\/1917"}],"collection":[{"href":"https:\/\/kbfi.ee\/en\/wp-json\/wp\/v2\/pages"}],"about":[{"href":"https:\/\/kbfi.ee\/en\/wp-json\/wp\/v2\/types\/page"}],"author":[{"embeddable":true,"href":"https:\/\/kbfi.ee\/en\/wp-json\/wp\/v2\/users\/27"}],"replies":[{"embeddable":true,"href":"https:\/\/kbfi.ee\/en\/wp-json\/wp\/v2\/comments?post=1917"}],"version-history":[{"count":0,"href":"https:\/\/kbfi.ee\/en\/wp-json\/wp\/v2\/pages\/1917\/revisions"}],"up":[{"embeddable":true,"href":"https:\/\/kbfi.ee\/en\/wp-json\/wp\/v2\/pages\/1414"}],"wp:attachment":[{"href":"https:\/\/kbfi.ee\/en\/wp-json\/wp\/v2\/media?parent=1917"}],"curies":[{"name":"wp","href":"https:\/\/api.w.org\/{rel}","templated":true}]}}