{"id":1808,"date":"2015-10-14T11:24:24","date_gmt":"2015-10-14T08:24:24","guid":{"rendered":"http:\/\/kbfi.ee\/bioenergetics-2\/research\/publications\/2013-2\/"},"modified":"2018-12-10T12:01:36","modified_gmt":"2018-12-10T10:01:36","slug":"2013-2","status":"publish","type":"page","link":"https:\/\/www.kbfi.ee\/en\/cb\/research\/2013-2\/","title":{"rendered":"2013B"},"content":{"rendered":"<div id=\"p2013\" class=\"publicationYear\">\n<ol>\n<li>\n<h4><strong>Kaambre T., Chekulayev V., Shevchuk I., Tepp K., Timohhina N., Varikmaa M.<\/strong>, Bagur R., <strong>Klepinin A., Anmann T., Koit A., Kaldma A.<\/strong>, Guzun R., Valvere V., <strong>Saks V.<\/strong><\/h4>\n<p>Metabolic control analysis of respiration in human cancer tissue. <em>Front. Physiol<\/em> (2013), Jun 28; 4:151.<\/p>\n<\/li,\n\t\n\n<li>\n<h4>Kuznetsov A.V., Javadov S., Guzun R., Grimm M., <strong>Saks V.<\/strong><\/h4>\n<p>Cytoskeleton and regulation of mitochondrial function: the role of beta-tubulin II. <em>Front. Physiol.<\/em> (2013), Apr 22; 4:82.<\/p>\n<\/li>\n<li>\n<h4><strong>K\u00e4\u00e4mbre T., Koit A., \u0160evt\u0161uk I., T\u0161ekulajev V., Tepp K., Timohhina N.<\/strong>, Bogovskaja J., Valvere V., <strong>Saks V.<\/strong><\/h4>\n<p>Uusi suundi kasvajate energiametabolismi uuringutes. <em>Eesti Arst<\/em> (2013), 92(5), 261-267.<\/p>\n<\/li>\n<li>\n<h4><strong>K\u00e4\u00e4mbre T., \u0160evt\u0161uk I., Saks V.<\/strong><\/h4>\n<p>S\u00fcsteemibioloogia ja s\u00fcsteemibioenergeetika: kuidas uurida struktuuri ja funktsiooni vahelisi seoseid. In: <em>Teoreetilise bioloogia kevadkool<\/em>: 39. Teoreetilise bioloogia kevadkool, Mustj\u00f5e, Aegviidu. (Toim.) S\u00f5ber, Virve; Laanisto, Lauri; \u00d6pik, Maarja; Tammaru, Toomas; Kull, Kalevi. Tartu: Eesti Looduseuurijate Selts, 2013, (Schola Biotheoretica; 39), 29 &#8211; 40.<\/p>\n<\/li>\n<li>\n<h4>strong>Varikmaa M.<\/strong>, Bagur R., Metsis M., Grichine A., <strong>Tepp K., Kaambre T., Saks V.<\/strong>, Guzun R.<\/h4>\n<p>Fine-tuning mitochondria function by betaII tubulin in striated muscles. <em>Barcelona BioMed Conference &#8220;The microtubule cytoskeleton in development and disease&#8221;<\/em>, 18th March &#8211; 20th March 2013, Madrid, Spain.<\/p>\n<\/li>\n<li>\n<h4>Quetglas R.B., <strong>Karu-Varikmaa M., Tepp K.<\/strong>, Metsis M., <strong>Kaambre T.<\/strong>, Grichine A., Boucher F., <strong>Saks V.<\/strong>, Guzun R.<\/h4>\n<p>Regulation of Respiration in Permeabilized Muscle Cells: Apparent Km for ADP Shows the Mitochondrial Outer Membrane Permeability. <em>Biophysical Journal<\/em>: 57th Annual Meeting of the Biophysical-Society, Philadelphia, PA, 2013, (2;1), 447A-448A.<\/p>\n<\/li>\n<li>\n<h4><strong>Karu M.<\/strong>, Bagur R., Metsis M., Grichine A., <strong>Tepp K., Kaambre T., Saks V.<\/strong>, Guzun R.<\/h4>\n<p>Unpolymerized beta II Tubulin in Regulation of Mitocondrial Function in Muscle Cells. <em>Biophysical Journal<\/em>: 57th Annual Meeting of the Biophysical-Society, Philadelphia, PA. 2013, (2;1), 302A-302A.<\/p>\n<\/li>\n<li>\n<h4><strong>Koit A., Tepp K., Timohhina N., Shevchuk I., Chekulayev V.<\/strong>, Bogovskaja J., Valvere V., <strong>Saks V., Kaambre T.<\/strong><\/h4>\n<p>Bioenergetic profiling of human breast cancer: unusual organization of the respiratory chain. <em>Mitochondrial Medicine <\/em> 2013, Newport Beach, CA, USA.<\/p>\n<\/li>\n<li>\n<h4><strong>Kaldma A., Koit A., Shevchuk I., Chekulayev V., Tepp K., Timohhina N.<\/strong>, Bogovskaja J., Valvere V., <strong>Saks V., Kaambre T.<\/strong><\/h4>\n<p>Regulation of respiration of human colorectal cancer: application of Metabolic Control Analysis. <em>Mitochondrial Medicine<\/em> 2013, Newport Beach, CA, USA.<\/p>\n<\/li>\n<li>\n<h4><strong>Shevchuk I., Koit A., Kaldma A., Timohhina N., Chekulayev V., Tepp K.<\/strong>, Bogovskaja J., Valvere V., <strong>Saks V., Kaambre T.<\/strong><\/h4>\n<p>Comparative aspects of bioenergetic profiling of tumor clinical material and cell cultures. <em>Mitochondrial Medicine <\/em> 2013, Newport Beach, CA, USA.<\/p>\n<\/li>\n<li>\n<h4><strong>K\u00e4\u00e4mbre T., Varikmaa M.<\/strong><\/h4>\n<p>Energia, elu ja tervis: s\u00fcsteemibioloogiast, bioenergeetikast ja biomeditsiinist. <em>Horisont<\/em> (2013), 1, 16-23.<\/p>\n<\/li>\n<li>\n<h4><strong>Anmann T., Varikmaa M., Tepp K., Timohhina N., Shevchuk I., Chekulayev V., Saks V., K\u00e4\u00e4mbre T.<\/strong><\/h4>\n<p>S\u00fcdamerakkude s\u00fcnnij\u00e4rgse arengu bioenergeetilised aspektid: struktuuri ja funktsiooni vaheliste seoste v\u00e4ljakujunemine. <em>Eesti Arst<\/em> (2013), 92(7), 372-381.<\/p>\n<\/li>\n<li>\n<h4>Aon MA., Lloyd D., <strong>Saks V.<\/strong> <\/h4>\n<p>From physiology, genomes, systems, and self-organization to systems biology: the historical roots of a 21st century approach to complexity. In: <em>Systems Biology of Metabolic and signaling Networks: Energy, Mass and Information Transfer.<\/em> (2013), Vol.16. Eds. Aon MA., Saks V., Schlattner U. Springer Books, New York, pp 3-17.<\/p>\n<\/li>\n<li>\n<h4><strong>Tepp K., Anmann T., Varikmaa M., Timohhina N., Shevchuk I., Chekulayev V., Saks V., K\u00e4\u00e4mbre T.<\/strong><\/h4>\n<p>Bioenergetic aspects of postnatal development of cardiac cells: formation of structure-function relationship. <em>Mitochondr. Physiol. Network<\/em> (2013), MIP2013, Book of abstracts.<\/p>\n<\/li>\n<\/ol>\n<\/div>\n","protected":false},"excerpt":{"rendered":"<p>Kaambre T., Chekulayev V., Shevchuk I., Tepp K., Timohhina N., Varikmaa M., Bagur R., Klepinin A., Anmann T., Koit A., Kaldma A., Guzun R., Valvere V., Saks <a class=\"read-more\" href=\"https:\/\/www.kbfi.ee\/en\/cb\/research\/2013-2\/\"><\/a><\/p>\n","protected":false},"author":33,"featured_media":0,"parent":1382,"menu_order":0,"comment_status":"open","ping_status":"closed","template":"","meta":{"_acf_changed":false,"footnotes":""},"class_list":["post-1808","page","type-page","status-publish","hentry"],"acf":[],"_links":{"self":[{"href":"https:\/\/www.kbfi.ee\/en\/wp-json\/wp\/v2\/pages\/1808"}],"collection":[{"href":"https:\/\/www.kbfi.ee\/en\/wp-json\/wp\/v2\/pages"}],"about":[{"href":"https:\/\/www.kbfi.ee\/en\/wp-json\/wp\/v2\/types\/page"}],"author":[{"embeddable":true,"href":"https:\/\/www.kbfi.ee\/en\/wp-json\/wp\/v2\/users\/33"}],"replies":[{"embeddable":true,"href":"https:\/\/www.kbfi.ee\/en\/wp-json\/wp\/v2\/comments?post=1808"}],"version-history":[{"count":0,"href":"https:\/\/www.kbfi.ee\/en\/wp-json\/wp\/v2\/pages\/1808\/revisions"}],"up":[{"embeddable":true,"href":"https:\/\/www.kbfi.ee\/en\/wp-json\/wp\/v2\/pages\/1382"}],"wp:attachment":[{"href":"https:\/\/www.kbfi.ee\/en\/wp-json\/wp\/v2\/media?parent=1808"}],"curies":[{"name":"wp","href":"https:\/\/api.w.org\/{rel}","templated":true}]}}