{"id":1416,"date":"2015-09-10T14:11:37","date_gmt":"2015-09-10T11:11:37","guid":{"rendered":"http:\/\/kbfi.ee\/?page_id=1416"},"modified":"2015-11-30T13:27:28","modified_gmt":"2015-11-30T11:27:28","slug":"2013-2","status":"publish","type":"page","link":"https:\/\/kbfi.ee\/en\/environmental-toxicology-2\/research\/publications\/2013-2\/","title":{"rendered":"2013"},"content":{"rendered":"<p>Blinova, I., Niskanen, J., Kajankari, P., Kanarbik, L., Kaekinen, A., Tenhu, H., Penttinen, O.-P., and Kahru, A. (2013) Toxicity of two types of silver nanoparticles to aquatic crustaceans <em>Daphnia magna<\/em> and <em>Thamnocephalus platyurus<\/em>, <em>Environmental Science and Pollution Research<\/em> <em>20<\/em>, 3456-3463.<\/p>\n<p>&nbsp;<\/p>\n<p>Bondarenko, O., Ivask, A., Kaekinen, A., Kurvet, I., and Kahru, A. (2013) Particle-Cell Contact Enhances Antibacterial Activity of Silver Nanoparticles, <em>Plos One<\/em> <em>8<\/em>(5):e64060.<br \/>\n<a href=\"http:\/\/journals.plos.org\/plosone\/article?id=10.1371\/journal.pone.0064060\" target=\"_blank\"><img loading=\"lazy\" decoding=\"async\" class=\"wp-image-1306 alignnone lazyload\" data-src=\"https:\/\/kbfi.ee\/wp-content\/uploads\/2015\/06\/OA-1024x410.png\" alt=\"OA\" width=\"100\" height=\"40\" data-srcset=\"https:\/\/kbfi.ee\/wp-content\/uploads\/2015\/06\/OA-1024x410.png 1024w, https:\/\/kbfi.ee\/wp-content\/uploads\/2015\/06\/OA-300x120.png 300w, https:\/\/kbfi.ee\/wp-content\/uploads\/2015\/06\/OA.png 2000w\" data-sizes=\"(max-width: 100px) 100vw, 100px\" src=\"data:image\/gif;base64,R0lGODlhAQABAAAAACH5BAEKAAEALAAAAAABAAEAAAICTAEAOw==\" style=\"--smush-placeholder-width: 100px; --smush-placeholder-aspect-ratio: 100\/40;\" \/><noscript><img loading=\"lazy\" decoding=\"async\" class=\"wp-image-1306 alignnone lazyload\" data-src=\"https:\/\/kbfi.ee\/wp-content\/uploads\/2015\/06\/OA-1024x410.png\" alt=\"OA\" width=\"100\" height=\"40\" data-srcset=\"https:\/\/kbfi.ee\/wp-content\/uploads\/2015\/06\/OA-1024x410.png 1024w, https:\/\/kbfi.ee\/wp-content\/uploads\/2015\/06\/OA-300x120.png 300w, https:\/\/kbfi.ee\/wp-content\/uploads\/2015\/06\/OA.png 2000w\" data-sizes=\"(max-width: 100px) 100vw, 100px\" src=\"data:image\/gif;base64,R0lGODlhAQABAAAAACH5BAEKAAEALAAAAAABAAEAAAICTAEAOw==\" style=\"--smush-placeholder-width: 100px; --smush-placeholder-aspect-ratio: 100\/40;\" \/><noscript><img loading=\"lazy\" decoding=\"async\" class=\"wp-image-1306 alignnone lazyload\" data-src=\"https:\/\/kbfi.ee\/wp-content\/uploads\/2015\/06\/OA-1024x410.png\" alt=\"OA\" width=\"100\" height=\"40\" data-srcset=\"https:\/\/kbfi.ee\/wp-content\/uploads\/2015\/06\/OA-1024x410.png 1024w, https:\/\/kbfi.ee\/wp-content\/uploads\/2015\/06\/OA-300x120.png 300w, https:\/\/kbfi.ee\/wp-content\/uploads\/2015\/06\/OA.png 2000w\" data-sizes=\"(max-width: 100px) 100vw, 100px\" src=\"data:image\/gif;base64,R0lGODlhAQABAAAAACH5BAEKAAEALAAAAAABAAEAAAICTAEAOw==\" style=\"--smush-placeholder-width: 100px; --smush-placeholder-aspect-ratio: 100\/40;\" \/><noscript><img loading=\"lazy\" decoding=\"async\" class=\"wp-image-1306 alignnone lazyload\" data-src=\"https:\/\/kbfi.ee\/wp-content\/uploads\/2015\/06\/OA-1024x410.png\" alt=\"OA\" width=\"100\" height=\"40\" data-srcset=\"https:\/\/kbfi.ee\/wp-content\/uploads\/2015\/06\/OA-1024x410.png 1024w, https:\/\/kbfi.ee\/wp-content\/uploads\/2015\/06\/OA-300x120.png 300w, https:\/\/kbfi.ee\/wp-content\/uploads\/2015\/06\/OA.png 2000w\" data-sizes=\"(max-width: 100px) 100vw, 100px\" src=\"data:image\/gif;base64,R0lGODlhAQABAAAAACH5BAEKAAEALAAAAAABAAEAAAICTAEAOw==\" style=\"--smush-placeholder-width: 100px; --smush-placeholder-aspect-ratio: 100\/40;\" \/><noscript><img loading=\"lazy\" decoding=\"async\" class=\" wp-image-1306 alignnone\" src=\"https:\/\/kbfi.ee\/wp-content\/uploads\/2015\/06\/OA-1024x410.png\" alt=\"OA\" width=\"100\" height=\"40\" srcset=\"https:\/\/kbfi.ee\/wp-content\/uploads\/2015\/06\/OA-1024x410.png 1024w, https:\/\/kbfi.ee\/wp-content\/uploads\/2015\/06\/OA-300x120.png 300w, https:\/\/kbfi.ee\/wp-content\/uploads\/2015\/06\/OA.png 2000w\" sizes=\"(max-width: 100px) 100vw, 100px\" \/><\/noscript><\/noscript><\/noscript><\/noscript><\/a><\/p>\n<p>&nbsp;<\/p>\n<p>Bondarenko, O., Juganson, K., Ivask, A., Kasemets, K., Mortimer, M., and Kahru, A. (2013) Toxicity of Ag, CuO and ZnO nanoparticles to selected environmentally relevant test organisms and mammalian cells <em>in vitro<\/em>: a critical review, <em>Archives of Toxicology<\/em> <em>87<\/em>, 1181 &#8211; 1200.<br \/>\n<a href=\"http:\/\/link.springer.com\/article\/10.1007\/s00204-013-1079-4\" target=\"_blank\"><img loading=\"lazy\" decoding=\"async\" class=\"wp-image-1306 alignnone lazyload\" data-src=\"https:\/\/kbfi.ee\/wp-content\/uploads\/2015\/06\/OA-1024x410.png\" alt=\"OA\" width=\"100\" height=\"40\" data-srcset=\"https:\/\/kbfi.ee\/wp-content\/uploads\/2015\/06\/OA-1024x410.png 1024w, https:\/\/kbfi.ee\/wp-content\/uploads\/2015\/06\/OA-300x120.png 300w, https:\/\/kbfi.ee\/wp-content\/uploads\/2015\/06\/OA.png 2000w\" data-sizes=\"(max-width: 100px) 100vw, 100px\" src=\"data:image\/gif;base64,R0lGODlhAQABAAAAACH5BAEKAAEALAAAAAABAAEAAAICTAEAOw==\" style=\"--smush-placeholder-width: 100px; --smush-placeholder-aspect-ratio: 100\/40;\" \/><noscript><img loading=\"lazy\" decoding=\"async\" class=\"wp-image-1306 alignnone lazyload\" data-src=\"https:\/\/kbfi.ee\/wp-content\/uploads\/2015\/06\/OA-1024x410.png\" alt=\"OA\" width=\"100\" height=\"40\" data-srcset=\"https:\/\/kbfi.ee\/wp-content\/uploads\/2015\/06\/OA-1024x410.png 1024w, https:\/\/kbfi.ee\/wp-content\/uploads\/2015\/06\/OA-300x120.png 300w, https:\/\/kbfi.ee\/wp-content\/uploads\/2015\/06\/OA.png 2000w\" data-sizes=\"(max-width: 100px) 100vw, 100px\" src=\"data:image\/gif;base64,R0lGODlhAQABAAAAACH5BAEKAAEALAAAAAABAAEAAAICTAEAOw==\" style=\"--smush-placeholder-width: 100px; --smush-placeholder-aspect-ratio: 100\/40;\" \/><noscript><img loading=\"lazy\" decoding=\"async\" class=\"wp-image-1306 alignnone lazyload\" data-src=\"https:\/\/kbfi.ee\/wp-content\/uploads\/2015\/06\/OA-1024x410.png\" alt=\"OA\" width=\"100\" height=\"40\" data-srcset=\"https:\/\/kbfi.ee\/wp-content\/uploads\/2015\/06\/OA-1024x410.png 1024w, https:\/\/kbfi.ee\/wp-content\/uploads\/2015\/06\/OA-300x120.png 300w, https:\/\/kbfi.ee\/wp-content\/uploads\/2015\/06\/OA.png 2000w\" data-sizes=\"(max-width: 100px) 100vw, 100px\" src=\"data:image\/gif;base64,R0lGODlhAQABAAAAACH5BAEKAAEALAAAAAABAAEAAAICTAEAOw==\" style=\"--smush-placeholder-width: 100px; --smush-placeholder-aspect-ratio: 100\/40;\" \/><noscript><img loading=\"lazy\" decoding=\"async\" class=\"wp-image-1306 alignnone lazyload\" data-src=\"https:\/\/kbfi.ee\/wp-content\/uploads\/2015\/06\/OA-1024x410.png\" alt=\"OA\" width=\"100\" height=\"40\" data-srcset=\"https:\/\/kbfi.ee\/wp-content\/uploads\/2015\/06\/OA-1024x410.png 1024w, https:\/\/kbfi.ee\/wp-content\/uploads\/2015\/06\/OA-300x120.png 300w, https:\/\/kbfi.ee\/wp-content\/uploads\/2015\/06\/OA.png 2000w\" data-sizes=\"(max-width: 100px) 100vw, 100px\" src=\"data:image\/gif;base64,R0lGODlhAQABAAAAACH5BAEKAAEALAAAAAABAAEAAAICTAEAOw==\" style=\"--smush-placeholder-width: 100px; --smush-placeholder-aspect-ratio: 100\/40;\" \/><noscript><img loading=\"lazy\" decoding=\"async\" class=\" wp-image-1306 alignnone\" src=\"https:\/\/kbfi.ee\/wp-content\/uploads\/2015\/06\/OA-1024x410.png\" alt=\"OA\" width=\"100\" height=\"40\" srcset=\"https:\/\/kbfi.ee\/wp-content\/uploads\/2015\/06\/OA-1024x410.png 1024w, https:\/\/kbfi.ee\/wp-content\/uploads\/2015\/06\/OA-300x120.png 300w, https:\/\/kbfi.ee\/wp-content\/uploads\/2015\/06\/OA.png 2000w\" sizes=\"(max-width: 100px) 100vw, 100px\" \/><\/noscript><\/noscript><\/noscript><\/noscript><\/a><\/p>\n<p>&nbsp;<\/p>\n<p>Hoelting, L., Scheinhardt, B., Bondarenko, O., Schildknecht, S., Kapitza, M., Tanavde, V., Tan, B., Lee, Q. Y., Mecking, S., Leist, M., and Kadereit, S. (2013) A 3-dimensional human embryonic stem cell (hESC)-derived model to detect developmental neurotoxicity of nanoparticles, <em>Archives of Toxicology<\/em> <em>87<\/em>, 721-733.<\/p>\n<p>&nbsp;<\/p>\n<p>Juganson, K., Mortimer, M., Ivask, A., Kasemets, K., and Kahru, A. (2013) Extracellular conversion of silver ions into silver nanoparticles by protozoan <em>Tetrahymena thermophila<\/em>, <em>Environmental Science-Processes &amp; Impacts<\/em> <em>15<\/em>, 244-250.<\/p>\n<p>&nbsp;<\/p>\n<p>Kahru, A., and Ivask, A. (2013) Mapping the Dawn of Nanoecotoxicological Research, <em>Accounts of Chemical Research<\/em> <em>46<\/em>, 823-833.<\/p>\n<p>&nbsp;<\/p>\n<p>Kasemets, K., Suppi, S., K\u00fcnnis-Beres, K., and Kahru, A. (2013) Toxicity of CuO Nanoparticles to Yeast<em> Saccharomyces cerevisiae<\/em> BY4741 Wild-Type and Its Nine Isogenic Single-Gene Deletion Mutants, <em>Chemical Research in Toxicology<\/em> <em>26<\/em>, 356-367.<\/p>\n<p>&nbsp;<\/p>\n<p>Klauson, D., Pilnik-Sudareva, J., Pronina, N., Budarnaja, O., Krichevskaya, M., K\u00e4kinen, A., Juganson, K., and Preis, S. (2013) Aqueous photocatalytic oxidation of prednisolone, <em>Central European Journal of Chemistry<\/em> <em>11<\/em>, 1620-1633.<\/p>\n<p>&nbsp;<\/p>\n<p>K\u00e4kinen, A., Ding, F., Chen, P., Mortimer, M., Kahru, A., and Ke, P. C. (2013) Interaction of firefly luciferase and silver nanoparticles and its impact on enzyme activity, <em>Nanotechnology<\/em> <em>24<\/em>(34) 345101.<\/p>\n<p>&nbsp;<\/p>\n<p>Samel, M., Vija, H., Kurvet, I., Kuennis-Beres, K., Trummal, K., Subbi, J., Kahru, A., and Siigur, J. (2013) Interactions of PLA(2)-s from<em> Vipera lebetina<\/em>, <em>Vipera berus berus<\/em> and <em>Naja naja oxiana<\/em> Venom with Platelets, Bacterial and Cancer Cells, <em>Toxins<\/em> <em>5<\/em>, 203-223.<br \/>\n<a href=\"http:\/\/www.mdpi.com\/2072-6651\/5\/2\/203\" target=\"_blank\"><img loading=\"lazy\" decoding=\"async\" class=\"wp-image-1306 alignnone lazyload\" data-src=\"https:\/\/kbfi.ee\/wp-content\/uploads\/2015\/06\/OA-1024x410.png\" alt=\"OA\" width=\"100\" height=\"40\" data-srcset=\"https:\/\/kbfi.ee\/wp-content\/uploads\/2015\/06\/OA-1024x410.png 1024w, https:\/\/kbfi.ee\/wp-content\/uploads\/2015\/06\/OA-300x120.png 300w, https:\/\/kbfi.ee\/wp-content\/uploads\/2015\/06\/OA.png 2000w\" data-sizes=\"(max-width: 100px) 100vw, 100px\" src=\"data:image\/gif;base64,R0lGODlhAQABAAAAACH5BAEKAAEALAAAAAABAAEAAAICTAEAOw==\" style=\"--smush-placeholder-width: 100px; --smush-placeholder-aspect-ratio: 100\/40;\" \/><noscript><img loading=\"lazy\" decoding=\"async\" class=\"wp-image-1306 alignnone lazyload\" data-src=\"https:\/\/kbfi.ee\/wp-content\/uploads\/2015\/06\/OA-1024x410.png\" alt=\"OA\" width=\"100\" height=\"40\" data-srcset=\"https:\/\/kbfi.ee\/wp-content\/uploads\/2015\/06\/OA-1024x410.png 1024w, https:\/\/kbfi.ee\/wp-content\/uploads\/2015\/06\/OA-300x120.png 300w, https:\/\/kbfi.ee\/wp-content\/uploads\/2015\/06\/OA.png 2000w\" data-sizes=\"(max-width: 100px) 100vw, 100px\" src=\"data:image\/gif;base64,R0lGODlhAQABAAAAACH5BAEKAAEALAAAAAABAAEAAAICTAEAOw==\" style=\"--smush-placeholder-width: 100px; --smush-placeholder-aspect-ratio: 100\/40;\" \/><noscript><img loading=\"lazy\" decoding=\"async\" class=\"wp-image-1306 alignnone lazyload\" data-src=\"https:\/\/kbfi.ee\/wp-content\/uploads\/2015\/06\/OA-1024x410.png\" alt=\"OA\" width=\"100\" height=\"40\" data-srcset=\"https:\/\/kbfi.ee\/wp-content\/uploads\/2015\/06\/OA-1024x410.png 1024w, https:\/\/kbfi.ee\/wp-content\/uploads\/2015\/06\/OA-300x120.png 300w, https:\/\/kbfi.ee\/wp-content\/uploads\/2015\/06\/OA.png 2000w\" data-sizes=\"(max-width: 100px) 100vw, 100px\" src=\"data:image\/gif;base64,R0lGODlhAQABAAAAACH5BAEKAAEALAAAAAABAAEAAAICTAEAOw==\" style=\"--smush-placeholder-width: 100px; --smush-placeholder-aspect-ratio: 100\/40;\" \/><noscript><img loading=\"lazy\" decoding=\"async\" class=\"wp-image-1306 alignnone lazyload\" data-src=\"https:\/\/kbfi.ee\/wp-content\/uploads\/2015\/06\/OA-1024x410.png\" alt=\"OA\" width=\"100\" height=\"40\" data-srcset=\"https:\/\/kbfi.ee\/wp-content\/uploads\/2015\/06\/OA-1024x410.png 1024w, https:\/\/kbfi.ee\/wp-content\/uploads\/2015\/06\/OA-300x120.png 300w, https:\/\/kbfi.ee\/wp-content\/uploads\/2015\/06\/OA.png 2000w\" data-sizes=\"(max-width: 100px) 100vw, 100px\" src=\"data:image\/gif;base64,R0lGODlhAQABAAAAACH5BAEKAAEALAAAAAABAAEAAAICTAEAOw==\" style=\"--smush-placeholder-width: 100px; --smush-placeholder-aspect-ratio: 100\/40;\" \/><noscript><img loading=\"lazy\" decoding=\"async\" class=\" wp-image-1306 alignnone\" src=\"https:\/\/kbfi.ee\/wp-content\/uploads\/2015\/06\/OA-1024x410.png\" alt=\"OA\" width=\"100\" height=\"40\" srcset=\"https:\/\/kbfi.ee\/wp-content\/uploads\/2015\/06\/OA-1024x410.png 1024w, https:\/\/kbfi.ee\/wp-content\/uploads\/2015\/06\/OA-300x120.png 300w, https:\/\/kbfi.ee\/wp-content\/uploads\/2015\/06\/OA.png 2000w\" sizes=\"(max-width: 100px) 100vw, 100px\" \/><\/noscript><\/noscript><\/noscript><\/noscript><\/a><\/p>\n<p>&nbsp;<\/p>\n<p>Sihtm\u00e4e, M., Blinova, I., K\u00fcnnis-Beres, K., Kanarbik, L., Heinlaan, M., and Kahru, A. (2013) Ecotoxicological effects of different glyphosate formulations, <em>Applied Soil Ecology<\/em> <em>72<\/em>, 215-224.<\/p>\n<p>&nbsp;<\/p>\n<p>Visnapuu, M., Joost, U., Juganson, K., Kuennis-Beres, K., Kahru, A., Kisand, V., and Ivask, A. (2013) Dissolution of Silver Nanowires and Nanospheres Dictates Their Toxicity to <em>Escherichia coli<\/em>, <em>Biomed Research International<\/em>, Article ID 819252.<br \/>\n<a href=\"http:\/\/www.hindawi.com\/journals\/bmri\/2013\/819252\/\" target=\"_blank\"><img loading=\"lazy\" decoding=\"async\" class=\"wp-image-1306 alignnone lazyload\" data-src=\"https:\/\/kbfi.ee\/wp-content\/uploads\/2015\/06\/OA-1024x410.png\" alt=\"OA\" width=\"100\" height=\"40\" data-srcset=\"https:\/\/kbfi.ee\/wp-content\/uploads\/2015\/06\/OA-1024x410.png 1024w, https:\/\/kbfi.ee\/wp-content\/uploads\/2015\/06\/OA-300x120.png 300w, https:\/\/kbfi.ee\/wp-content\/uploads\/2015\/06\/OA.png 2000w\" data-sizes=\"(max-width: 100px) 100vw, 100px\" src=\"data:image\/gif;base64,R0lGODlhAQABAAAAACH5BAEKAAEALAAAAAABAAEAAAICTAEAOw==\" style=\"--smush-placeholder-width: 100px; --smush-placeholder-aspect-ratio: 100\/40;\" \/><noscript><img loading=\"lazy\" decoding=\"async\" class=\"wp-image-1306 alignnone lazyload\" data-src=\"https:\/\/kbfi.ee\/wp-content\/uploads\/2015\/06\/OA-1024x410.png\" alt=\"OA\" width=\"100\" height=\"40\" data-srcset=\"https:\/\/kbfi.ee\/wp-content\/uploads\/2015\/06\/OA-1024x410.png 1024w, https:\/\/kbfi.ee\/wp-content\/uploads\/2015\/06\/OA-300x120.png 300w, https:\/\/kbfi.ee\/wp-content\/uploads\/2015\/06\/OA.png 2000w\" data-sizes=\"(max-width: 100px) 100vw, 100px\" src=\"data:image\/gif;base64,R0lGODlhAQABAAAAACH5BAEKAAEALAAAAAABAAEAAAICTAEAOw==\" style=\"--smush-placeholder-width: 100px; --smush-placeholder-aspect-ratio: 100\/40;\" \/><noscript><img loading=\"lazy\" decoding=\"async\" class=\"wp-image-1306 alignnone lazyload\" data-src=\"https:\/\/kbfi.ee\/wp-content\/uploads\/2015\/06\/OA-1024x410.png\" alt=\"OA\" width=\"100\" height=\"40\" data-srcset=\"https:\/\/kbfi.ee\/wp-content\/uploads\/2015\/06\/OA-1024x410.png 1024w, https:\/\/kbfi.ee\/wp-content\/uploads\/2015\/06\/OA-300x120.png 300w, https:\/\/kbfi.ee\/wp-content\/uploads\/2015\/06\/OA.png 2000w\" data-sizes=\"(max-width: 100px) 100vw, 100px\" src=\"data:image\/gif;base64,R0lGODlhAQABAAAAACH5BAEKAAEALAAAAAABAAEAAAICTAEAOw==\" style=\"--smush-placeholder-width: 100px; --smush-placeholder-aspect-ratio: 100\/40;\" \/><noscript><img loading=\"lazy\" decoding=\"async\" class=\"wp-image-1306 alignnone lazyload\" data-src=\"https:\/\/kbfi.ee\/wp-content\/uploads\/2015\/06\/OA-1024x410.png\" alt=\"OA\" width=\"100\" height=\"40\" data-srcset=\"https:\/\/kbfi.ee\/wp-content\/uploads\/2015\/06\/OA-1024x410.png 1024w, https:\/\/kbfi.ee\/wp-content\/uploads\/2015\/06\/OA-300x120.png 300w, https:\/\/kbfi.ee\/wp-content\/uploads\/2015\/06\/OA.png 2000w\" data-sizes=\"(max-width: 100px) 100vw, 100px\" src=\"data:image\/gif;base64,R0lGODlhAQABAAAAACH5BAEKAAEALAAAAAABAAEAAAICTAEAOw==\" style=\"--smush-placeholder-width: 100px; --smush-placeholder-aspect-ratio: 100\/40;\" \/><noscript><img loading=\"lazy\" decoding=\"async\" class=\" wp-image-1306 alignnone\" src=\"https:\/\/kbfi.ee\/wp-content\/uploads\/2015\/06\/OA-1024x410.png\" alt=\"OA\" width=\"100\" height=\"40\" srcset=\"https:\/\/kbfi.ee\/wp-content\/uploads\/2015\/06\/OA-1024x410.png 1024w, https:\/\/kbfi.ee\/wp-content\/uploads\/2015\/06\/OA-300x120.png 300w, https:\/\/kbfi.ee\/wp-content\/uploads\/2015\/06\/OA.png 2000w\" sizes=\"(max-width: 100px) 100vw, 100px\" \/><\/noscript><\/noscript><\/noscript><\/noscript><\/a><\/p>\n<hr \/>\n<p>Bondarenko, O., Ivask, A., K\u00e4kinen, A., Aruoja, V., Blinova, I., Juganson, K., Kasemets, K., K\u00fcnnis-Beres, K., Kurvet, I., Mortimer, M., Sihtm\u00e4e, M., and Kahru, A. (2013) Biological effects of nanoparticles of silver, gold, TiO2 and nanoporous silica to selected invertebrate species and bacteria: FP7 project NanoValid, <em>Toxicology Letters<\/em> <em>221<\/em>, S100-S100.<\/p>\n<p>&nbsp;<\/p>\n<p>Juganson, K., Ivask, A., Koitj\u00e4rv, M., Mortimer, M., Bondarenko, O., Kasemets, K., and Kahru, A. (2013) Ecotoxicity of engineered nanomaterials: Known facts and data gaps, <em>Toxicology Letters<\/em> <em>221<\/em>, S240-S240.<\/p>\n<p>&nbsp;<\/p>\n<p>Suppi, S., Kasemets, K., and Kahru, A. (2013) Toxicity mechanisms of coated and uncoated silver nanoparticles to yeast <em>Saccharomyces cerevisiae<\/em> BY4741, <em>Toxicology Letters<\/em> <em>221<\/em>, S246-S246.<\/p>\n<p>&nbsp;<\/p>\n","protected":false},"excerpt":{"rendered":"<p>Blinova, I., Niskanen, J., Kajankari, P., Kanarbik, L., Kaekinen, A., Tenhu, H., Penttinen, O.-P., and Kahru, A. (2013) Toxicity of two types of silver nanoparticles to aquatic <a class=\"read-more\" href=\"https:\/\/kbfi.ee\/en\/environmental-toxicology-2\/research\/publications\/2013-2\/\"><\/a><\/p>\n","protected":false},"author":5,"featured_media":0,"parent":1414,"menu_order":0,"comment_status":"open","ping_status":"open","template":"","meta":{"_acf_changed":false,"footnotes":""},"class_list":["post-1416","page","type-page","status-publish","hentry"],"acf":[],"_links":{"self":[{"href":"https:\/\/kbfi.ee\/en\/wp-json\/wp\/v2\/pages\/1416"}],"collection":[{"href":"https:\/\/kbfi.ee\/en\/wp-json\/wp\/v2\/pages"}],"about":[{"href":"https:\/\/kbfi.ee\/en\/wp-json\/wp\/v2\/types\/page"}],"author":[{"embeddable":true,"href":"https:\/\/kbfi.ee\/en\/wp-json\/wp\/v2\/users\/5"}],"replies":[{"embeddable":true,"href":"https:\/\/kbfi.ee\/en\/wp-json\/wp\/v2\/comments?post=1416"}],"version-history":[{"count":0,"href":"https:\/\/kbfi.ee\/en\/wp-json\/wp\/v2\/pages\/1416\/revisions"}],"up":[{"embeddable":true,"href":"https:\/\/kbfi.ee\/en\/wp-json\/wp\/v2\/pages\/1414"}],"wp:attachment":[{"href":"https:\/\/kbfi.ee\/en\/wp-json\/wp\/v2\/media?parent=1416"}],"curies":[{"name":"wp","href":"https:\/\/api.w.org\/{rel}","templated":true}]}}