{"id":1397,"date":"2015-09-10T13:09:23","date_gmt":"2015-09-10T10:09:23","guid":{"rendered":"http:\/\/kbfi.ee\/?page_id=1397"},"modified":"2018-05-17T23:31:31","modified_gmt":"2018-05-17T20:31:31","slug":"documents","status":"publish","type":"page","link":"https:\/\/kbfi.ee\/en\/chemical-physics\/heltstack-projekt\/documents\/","title":{"rendered":"Documents"},"content":{"rendered":"<p style=\"text-align: left;\"><img loading=\"lazy\" decoding=\"async\" class=\"alignnone size-medium wp-image-1243 lazyload\" data-src=\"https:\/\/kbfi.ee\/wp-content\/uploads\/2015\/06\/logo-ce-horizontal-en-quadri-lr-300x79.png\" alt=\"logo-ce-horizontal-en-quadri-lr\" width=\"300\" height=\"79\" data-srcset=\"https:\/\/kbfi.ee\/wp-content\/uploads\/2015\/06\/logo-ce-horizontal-en-quadri-lr-300x79.png 300w, https:\/\/kbfi.ee\/wp-content\/uploads\/2015\/06\/logo-ce-horizontal-en-quadri-lr.png 499w\" data-sizes=\"(max-width: 300px) 100vw, 300px\" src=\"data:image\/gif;base64,R0lGODlhAQABAAAAACH5BAEKAAEALAAAAAABAAEAAAICTAEAOw==\" style=\"--smush-placeholder-width: 300px; --smush-placeholder-aspect-ratio: 300\/79;\" \/><noscript><img loading=\"lazy\" decoding=\"async\" class=\"alignnone size-medium wp-image-1243\" src=\"https:\/\/kbfi.ee\/wp-content\/uploads\/2015\/06\/logo-ce-horizontal-en-quadri-lr-300x79.png\" alt=\"logo-ce-horizontal-en-quadri-lr\" width=\"300\" height=\"79\" srcset=\"https:\/\/kbfi.ee\/wp-content\/uploads\/2015\/06\/logo-ce-horizontal-en-quadri-lr-300x79.png 300w, https:\/\/kbfi.ee\/wp-content\/uploads\/2015\/06\/logo-ce-horizontal-en-quadri-lr.png 499w\" sizes=\"(max-width: 300px) 100vw, 300px\" \/><\/noscript><\/p>\n<p>&nbsp;<\/p>\n<p style=\"text-align: left;\"><strong>DELIVERABLES (SUBMITTED as of 30.04.2018)<\/strong><\/p>\n<p style=\"text-align: left;\">D1.1.1 Periodic Activity Report of Year 1 (i.e. Progress Report 1)<\/p>\n<p style=\"text-align: left;\">D1.1.2 Periodic Report of Years 1-2 + Form C-s, and Mid-Term Report<\/p>\n<p style=\"text-align: left;\">D.1.1.3\u00a0Periodic Activity Report of Year 3 (i.e. Progress Report 2)<\/p>\n<p style=\"text-align: left;\">D1.1.4 Periodic Report of Years 3-4 + Form C-s and CFS of Coordinator<\/p>\n<p style=\"text-align: left;\">D1.2\u00a0Final report<\/p>\n<p style=\"text-align: left;\">D2.1\u00a0Delivery of 100&#215;100 mm cells for stack tests (RE)<\/p>\n<p style=\"text-align: left;\">D2.2\u00a0Report on cell manufacturing and evaluation\u00a0(RE)<\/p>\n<p style=\"text-align: left;\">D2.3\u00a0Delivery of optimised cells for 100&#215;100 mm stack\u00a0(RE)<\/p>\n<p style=\"text-align: left;\">D2.4\u00a0Delivery of optimised cells for 150&#215;150 mm stack (RE)<\/p>\n<p style=\"text-align: left;\">D2.5\u00a0Report on cell manufacturing and evaluation (RE)<\/p>\n<p style=\"text-align: left;\">D3.1 Report \u201cEvaluation results of 1st generation 100&#215;100 mm stack\u201d\u00a0(RE)<\/p>\n<p style=\"text-align: left;\">D3.3 Report &#8220;Evaluation results of 1st generation 120&#215;120 mm stack&#8221; (RE)<\/p>\n<p style=\"text-align: left;\">D3.2\u00a0Report \u201cEvaluation results of 2nd generation 100&#215;100 mm stack\u201d (RE)<\/p>\n<p style=\"padding-left: 30px; text-align: left;\">=&gt; Due to changes in the company\u2019s development &amp; testing strategies, POSTPONED to Year 4; reported as\u00a0\u201cEvaluation of Elcogen 6 kW stack module\u201d<\/p>\n<p style=\"text-align: left;\">D3.4 Report \u201cEvaluation results of 2nd generation 150&#215;150 mm stack\u201d (RE)<\/p>\n<p style=\"padding-left: 30px; text-align: left;\">=&gt; Related\u00a0to changes to D3.2, POSTPONED to Year 4; reported as \u201cEvaluation results of 2nd generation 120&#215;120 mm stack\u201d<\/p>\n<p style=\"text-align: left;\"><a href=\"https:\/\/kbfi.ee\/wp-content\/uploads\/2015\/09\/D4.1-HELTSTACK_online-repository.pdf\">D4.1 Online repository and Wiki-type knowledge base is set up and running<\/a>\u00a0(PU)<\/p>\n<p style=\"text-align: left;\">D5.1 Final Market Development and Outreach Plan (RE)<\/p>\n<p>&nbsp;<\/p>\n<p style=\"text-align: left;\"><strong>PUBLICATIONS<\/strong><\/p>\n<p style=\"text-align: left;\"><strong>Poster presentation<\/strong>\u00a0at 11th European SOFC &amp; SOE Forum, 1-4 July 2014, Lucerne, Switzerland: Matti Noponen, Aleksander Temmo, Andre Koit, Juhan Subbi, Pauli Torri, Jukka G\u00f6\u00f6s, Paul Hallanoro, Enn \u00d5unpuu, \u201c<a href=\"https:\/\/kbfi.ee\/wp-content\/uploads\/2015\/09\/Posteri_2014-06-12-Luzerne.pdf\">Status of Elcogen unit cell and stack development<\/a>\u201d<\/p>\n<p style=\"text-align: left;\"><strong>Article<\/strong>\u00a0for the Electrochemical Society Conference \u2013 14th International Symposium on Solid Oxide Fuel Cells (SOFC-XIV) 2015: M. Noponen, P. Torri, J. G\u00f6\u00f6s, D. Chade, P. Hallanoro, A. Temmo, A. Koit, E. \u00d5unpuu, \u201c<a href=\"http:\/\/ecst.ecsdl.org\/content\/68\/1\/151.full.pdf+html\">Status of Solid Oxide Fuel Cell Development at Elcogen<\/a>\u201d<\/p>\n<p style=\"text-align: left;\">TEKES\u00a0<strong>article<\/strong>\u00a0<a href=\"http:\/\/www.tekes.eu\/ajankohtaista\/uutiset-2015\/tarina-myy-myos-horisontti-hakemuksessa\/\">http:\/\/www.tekes.eu\/ajankohtaista\/uutiset-2015\/tarina-myy-myos-horisontti-hakemuksessa\/<\/a>\u00a0(12.2.2015)<\/p>\n<p style=\"text-align: left;\">TEKES\u00a0<strong>article<\/strong>\u00a0<a href=\"http:\/\/issuu.com\/cakeoy\/docs\/tekesin_nakoalat_2_2015\">http:\/\/issuu.com\/cakeoy\/docs\/tekesin_nakoalat_2_2015<\/a>\u00a0(4.6.2015)<\/p>\n<p style=\"text-align: left;\">Kauppalehti\u00a0<strong>article<\/strong>\u00a0<a href=\"http:\/\/www.kauppalehti.fi\/uutiset\/kotimaisen-polttokennon-lapimurto-on-lahella\/qfdSjGCR\">http:\/\/www.kauppalehti.fi\/uutiset\/kotimaisen-polttokennon-lapimurto-on-lahella\/qfdSjGCR<\/a>\u00a0(16.6.2015)<\/p>\n<p style=\"text-align: left;\">TEKES\u00a0<strong>article<\/strong>\u00a0<a href=\"http:\/\/www.tekes.fi\/en\/tekes\/results-and-impact\/cases1\/2015\/finland-reaching-for-the-top-in-fuel-cell-technology\/\">http:\/\/www.tekes.fi\/en\/tekes\/results-and-impact\/cases1\/2015\/finland-reaching-for-the-top-in-fuel-cell-technology\/<\/a>\u00a0(25.6.2015)<\/p>\n<p style=\"text-align: left;\">VTT\u00a0<strong>press release<\/strong>\u00a0&#8220;<a href=\"http:\/\/www.vtt.fi\/medialle\/uutiset\/uuden-sukupolven-kest\u00e4vill\u00e4-polttokennoilla-v\u00e4h\u00e4p\u00e4\u00e4st\u00f6ist\u00e4-s\u00e4hk\u00f6\u00e4\">Uuden sukupolven kest\u00e4vill\u00e4 polttokennoilla v\u00e4h\u00e4p\u00e4\u00e4st\u00f6ist\u00e4 s\u00e4hk\u00f6\u00e4<\/a>&#8221; &amp;\u00a0Talousel\u00e4m\u00e4\u00a0<strong>article<\/strong>\u00a0&#8220;<a href=\"http:\/\/www.talouselama.fi\/uutiset\/suomessa-kaarittiin-hihat-polttokennojen-elinikaan-100-kustannuksiin-50-6090511\">Suomessa k\u00e4\u00e4rittiin hihat: Polttokennojen elinik\u00e4\u00e4n +100 %, kustannuksiin -50 %<\/a>&#8221;\u00a0(both 19.11.2015)<\/p>\n<p style=\"text-align: left;\">VTT\u00a0<strong>press release in English<\/strong>\u00a0&#8220;<a href=\"http:\/\/www.vttresearch.com\/media\/news\/next-generation-fuel-cells-are-ready-for-low-emission-electricity-production\">Next-generation fuel cells are ready for low-emission electricity production<\/a>&#8221; (25.11.2015)<\/p>\n<p style=\"text-align: left;\"><strong>Poster presentation<\/strong>\u00a0at the\u00a0European Fuel Cell Technology &amp; Applications Conference (EFC15), 16-18 December 2015, Naples, Italy: Olli Himanen<\/p>\n<p style=\"text-align: left;\"><strong>Article<\/strong>\u00a0for the 12th European SOFC &amp; SOE Forum 2016:\u00a0Matti Noponen, Jukka G\u00f6\u00f6s, Pauli Torri, Daniel Chade, Heikki V\u00e4h\u00e4-Piikki\u00f6, Paul Hallanoro, &#8220;Performance Characteristics of Elcogen Solid Oxide Fuel Cell Stacks&#8221;<\/p>\n<p style=\"text-align: left;\"><strong>Article<\/strong>: Johan Tallgren, Carlos Boigues Mu\u00f1oz, Jyrki Mikkola, Olli Himanen, and Jari Kiviaho, \u201cDetermination of Temperature and Fuel Utilisation Distributions in SOFC Stacks with EIS\u201d,\u00a0ECS Transactions,\u00a0Volume 78(1), 2017, pp.\u00a02141-2150<\/p>\n<p style=\"text-align: left;\"><strong>Article<\/strong>:\u00a0Bo\u0161tjan Dolenc, Pavle Bo\u0161koski, Antti Pohjoranta, Matti Noponen, and \u0110ani Juri\u010di\u0107, \u201cHybrid Approach to Remaining Useful Life Prediction of Solid Oxide Fuel Cell Stack Cell Designs, Fabrication, Performance and Durability\u201d,\u00a0ECS Transactions,\u00a0Volume 78(1), 2017, pp. 2251-2264<\/p>\n<p style=\"text-align: left;\"><strong>Article<\/strong>:\u00a0Johan Tallgren, Olli Himanen, and Matti Noponen, \u201cExperimental Characterization of Low Temperature Solid Oxide Cell Stack\u201d,\u00a0ECS Transactions,\u00a0Volume 78(1), 2017, pp. 3103-3111<\/p>\n","protected":false},"excerpt":{"rendered":"<p>&nbsp; DELIVERABLES (SUBMITTED as of 30.04.2018) D1.1.1 Periodic Activity Report of Year 1 (i.e. Progress Report 1) D1.1.2 Periodic Report of Years 1-2 + Form C-s, and <a class=\"read-more\" href=\"https:\/\/kbfi.ee\/en\/chemical-physics\/heltstack-projekt\/documents\/\"><\/a><\/p>\n","protected":false},"author":5,"featured_media":0,"parent":1394,"menu_order":0,"comment_status":"open","ping_status":"open","template":"","meta":{"_acf_changed":false,"footnotes":""},"class_list":["post-1397","page","type-page","status-publish","hentry"],"acf":[],"_links":{"self":[{"href":"https:\/\/kbfi.ee\/en\/wp-json\/wp\/v2\/pages\/1397"}],"collection":[{"href":"https:\/\/kbfi.ee\/en\/wp-json\/wp\/v2\/pages"}],"about":[{"href":"https:\/\/kbfi.ee\/en\/wp-json\/wp\/v2\/types\/page"}],"author":[{"embeddable":true,"href":"https:\/\/kbfi.ee\/en\/wp-json\/wp\/v2\/users\/5"}],"replies":[{"embeddable":true,"href":"https:\/\/kbfi.ee\/en\/wp-json\/wp\/v2\/comments?post=1397"}],"version-history":[{"count":0,"href":"https:\/\/kbfi.ee\/en\/wp-json\/wp\/v2\/pages\/1397\/revisions"}],"up":[{"embeddable":true,"href":"https:\/\/kbfi.ee\/en\/wp-json\/wp\/v2\/pages\/1394"}],"wp:attachment":[{"href":"https:\/\/kbfi.ee\/en\/wp-json\/wp\/v2\/media?parent=1397"}],"curies":[{"name":"wp","href":"https:\/\/api.w.org\/{rel}","templated":true}]}}