{"id":1388,"date":"2015-09-10T12:51:29","date_gmt":"2015-09-10T09:51:29","guid":{"rendered":"http:\/\/kbfi.ee\/?page_id=1388"},"modified":"2026-02-25T16:31:37","modified_gmt":"2026-02-25T14:31:37","slug":"high-energy-and-computational-physics","status":"publish","type":"page","link":"https:\/\/kbfi.ee\/en\/high-energy-and-computational-physics\/","title":{"rendered":"HECP"},"content":{"rendered":"<h1>High Energy and Computational Physics<\/h1>\n<p>&nbsp;<\/p>\n<style> .card {display: inline-block; background-color: #a12b30; border-radius: 50px; box-shadow: 0 4px 8px rgba(0, 0, 0, 0.1);  min-width: 350px; max-width: 350px; text-align: center; padding: 20px; margin: 10px;} .card img {border-radius: 50%; width: 150px; height: 150px} .card p1 {font-size: 20px; margin: 10px 0; color: #FFFFFF; font-weight: bolder;} .card p2 {font-size: 24px; margin: 10px 0; color: #FFFFFF; font-weight: bolder;} .card p {color: #FFFFFF; margin: 5px 0;} <br \/><\/style>\n<style> .intro {max-width: 800px; padding-right:10px; display:inline-block;}<\/style>\n<div class=\"intro\">\n<p>Our research interests involve theoretical and experimental high energy, particle and astro-particle physics, cosmology, physics of inflation and early Universe, in particular gravitational waves. Recently, a nuclear physics group was founded.<\/p>\n<p>The lab has over 20 scientists from over six different countries. We are part of the CMS collaboration at CERN and of the LISA gravitational wave detector collaboration at the European Space Agency (ESA). We work to determine the fundamental nature of the universe through gravitational waves and other physics in the <a href=\"https:\/\/kbfi.ee\/high-energy-and-computational-physics\/centre-of-excellence-foundations-of-the-universe\/?lang=en\">centre of excellence \u201eFoundations of the\u00a0 Universe\u201c<\/a> in collaboration with the University of Tartu and Tallinn Technical University.<\/p>\n<p>The computing centre of the laboratory has a powerful cluster with 6000 cores and 4 PB of storage. We do CMS particle physics simulations, compute phase transitions in the early Universe, and other computations that need high performance computing. We take part in the <a href=\"https:\/\/etais.ee\/\">ETAIS<\/a> to develop the scientific computing infrastructure in Estonia.<\/p>\n<\/div>\n<div class=\"card\" style=\"min-width:350px; background-color:#FFFFFF; padding: 50px;\">\n<p2 style=\"color:#a12b30\">Dr. Martti Raidal<\/p2>\n<p style=\"color:#a12b30\">Head of Laboratory<\/p>\n<p><img decoding=\"async\" data-src=\"https:\/\/kbfi.ee\/wp-content\/uploads\/2024\/11\/Screenshot-2024-11-13-at-14.46.31-e1731506961971.png\" alt=\"Dr. Martti Raidal\" src=\"data:image\/gif;base64,R0lGODlhAQABAAAAACH5BAEKAAEALAAAAAABAAEAAAICTAEAOw==\" class=\"lazyload\" style=\"--smush-placeholder-width: 380px; --smush-placeholder-aspect-ratio: 380\/379;\" \/><noscript><img decoding=\"async\" src=\"https:\/\/kbfi.ee\/wp-content\/uploads\/2024\/11\/Screenshot-2024-11-13-at-14.46.31-e1731506961971.png\" alt=\"Dr. Martti Raidal\" \/><\/noscript><br \/>\n<a \" href=\"mailto:Martti.Raidal@cern.ch\">Email<\/a><br \/>\n<a href=\"https:\/\/www.etis.ee\/CV\/Martti_Raidal\/eng\/\">CV<\/a> <a href=\"https:\/\/orcid.org\/0000-0001-7040-9491\">ORCID<\/a> <a href=\"https:\/\/inspirehep.net\/authors\/992409\">Inspire<\/a>\n<\/div>\n<p>If you are a student and interested in doing a project or a thesis with us, you might find <a href=\"https:\/\/kbfi.ee\/high-energy-and-computational-physics\/information-for-students\/?lang=en\"> this page<\/a> useful.<\/p>\n<p>Follow us on social media: <a href=\"https:\/\/bsky.app\/profile\/kbfihepsocial.bsky.social\"> BlueSky<\/a>, <a href=\"https:\/\/www.facebook.com\/KEALKBFI\">Facebook<\/a> or <a href=\"https:\/\/twitter.com\/kbfihepsocial\">X<\/a><\/p>\n<p>We are located at the city centre, R\u00e4vala pst 10, 4th floor. The building is 15 minutes by taxi from the Tallinn airport, 5 minutes walk from the old town or 10 minutes by taxi (25 minutes walk) from the Tallinn port. We share the building with the academic library of Tallinn University. <a href=\"http:\/\/maps.google.com\/maps?f=q&#038;source=s_q&#038;hl=en&#038;geocode=&#038;q=R%C3%A4vala+pst+10,&#038;sll=59.433559,24.751618&#038;sspn=0.003786,0.009645&#038;ie=UTF8&#038;radius=0.17&#038;filter=0&#038;rq=1&#038;ev=zi&#038;hq=R%C3%A4vala+pst+10,&#038;hnear=&#038;ll=59.433559,24.751618&#038;spn=0.003786,0.009645&#038;t=h&#038;z=17&#038;iwloc=A&#038;cid=4483387098035625725\">Our location on Google Maps<\/a><\/p>\n<p>\n&nbsp;<\/p>\n<h3>For more information please contact our <a href=\"mailto:cmsgroup@kbfi.ee\">experimental (exp)<\/a> and <a \" href=\"mailto:theory@kbfi.ee\">theoretical (th)<\/a> researchers via mail and find below more detailed pages about our various research topics:<\/h3>\n<p>&nbsp;<\/p>\n<div class=\"card\">\n<p1><a href=\"https:\/\/kbfi.ee\/high-energy-and-computational-physics\/cms-data-analysis-estonia\/?lang=en\" style=\"color: #FFFFFF\">CMS Data Analysis (EXP)<\/a> <\/p1>\n<\/div>\n<div class=\"card\">\n<p1><a href=\"https:\/\/kbfi.ee\/keal\/cms-trigger-upgrades-estonia\/?lang=en\" style=\"color: #FFFFFF\">CMS Trigger Development (EXP)<\/a> <\/p1>\n<!-- <p1 style=\"color: #808080;\">CMS Trigger Development (EXP)<\/p1>-->\n<\/div>\n<div class=\"card\">\n<p1><a href=\"https:\/\/kbfi.ee\/high-energy-and-computational-physics\/machine-learning-in-hep-and-cosmology\/?lang=en\" style=\"color: #FFFFFF\">Machine Learning (EXP)<\/a> <\/p1>\n<\/div>\n<div class=\"card\">\n<p1><a href=\"https:\/\/kbfi.ee\/high-energy-and-computational-physics\/gravity\/?lang=en\" style=\"color: #FFFFFF\"> Gravity (TH)<\/a> <\/p1>\n<\/div>\n<div class=\"card\">\n<p1><a href=\"https:\/\/kbfi.ee\/keal\/gravitational-waves\/?lang=en\" style=\"color: #FFFFFF\"> Gravitational Waves (TH)<\/a> <\/p1>\n<\/div>\n<div class=\"card\">\n<p1><a href=\"https:\/\/kbfi.ee\/keal\/theoretical-particle-physics\/?lang=en\" style=\"color: #FFFFFF\"> High energy physics (TH) <\/a> <\/p1>\n<\/div>\n<div class=\"card\">\n<p1><a href=\"https:\/\/kbfi.ee\/keal\/cosmology\/?lang=en\" style=\"color: #FFFFFF\"> Cosmology (TH)<\/a> <\/p1>\n<\/div>\n<div class=\"card\">\n<p1><a href=\"https:\/\/kbfi.ee\/high-energy-and-computational-physics\/quantum-information\/?lang=en\" style=\"color: #FFFFFF\"> Quantum Information (TH)<\/a> <\/p1>\n<\/div>\n<p>&nbsp;<\/p>\n<p><!-- Official embedding from bluesy: https:\/\/embed.bsky.app (or click on a post, find the embed button and copy the code), would love to embed feed instead of manually adding posts (and there are open source scripts that work and seem legit, but I am not sure how to ensure that they are save: https:\/\/github.com\/Vincenius\/bsky-embed )--><\/p>\n<div style=\"background-color: #a12b30; border-radius: 50px; padding: 20px; max-width:700px; overflow: scroll; max-height:500px;\" >\n<h1 style=\"color: #FFFFFF\">Latest posts by @kbfihepsocial!<\/h1>\n<style>\n@media (min-width: 481px){\n.blskydiv {margin-left:30px;}\n}\n<\/style>\n<p>&nbsp;<\/p>\n<div class=\"blskydiv\">\n<blockquote class=\"bluesky-embed\" data-bluesky-uri=\"at:\/\/did:plc:heglrp6qsllkcukkkadqon3a\/app.bsky.feed.post\/3mchocdykv22i\" data-bluesky-cid=\"bafyreiadyki7l3nmegxhcuu2z6l7bfn5dxtyf2evbjq3cf7hjnsnatma2q\" data-bluesky-embed-color-mode=\"system\">\n<p lang=\"en\">Impressions from our growing Higgs group here at KBFI:<\/p>\n<p>From left to right our Bachelor student Iris, PhD. student Norman, PI Torben, Intern Miina and our new PostDoc Khawla. [1\/2]<\/p>\n<p><a href=\"https:\/\/bsky.app\/profile\/did:plc:heglrp6qsllkcukkkadqon3a\/post\/3mchocdykv22i?ref_src=embed\">[image or embed]<\/a><\/p>\n<p>&mdash; HEP @ KBFI\/NICPB (<a href=\"https:\/\/bsky.app\/profile\/did:plc:heglrp6qsllkcukkkadqon3a?ref_src=embed\">@kbfihepsocial.bsky.social<\/a>) <a href=\"https:\/\/bsky.app\/profile\/did:plc:heglrp6qsllkcukkkadqon3a\/post\/3mchocdykv22i?ref_src=embed\">January 15, 2026 at 3:18 PM<\/a><\/p><\/blockquote>\n<blockquote class=\"bluesky-embed\" data-bluesky-uri=\"at:\/\/did:plc:heglrp6qsllkcukkkadqon3a\/app.bsky.feed.post\/3mchochmwjc2i\" data-bluesky-cid=\"bafyreidgbaaajaqmlxcoa6ff3zd4ig5akii3snwahnxbni3ab273ttoaeq\" data-bluesky-embed-color-mode=\"system\">\n<p lang=\"en\">KBFI Higgsi grupp saadab tervitusi!<\/p>\n<p>Vasakult paremale: bakalaureusetudeng Iris, PhD tudeng Norman, PI Torben, praktikant Miina ja meie uus teadur Khawla. [2\/2]<\/p>\n<p>&mdash; HEP @ KBFI\/NICPB (<a href=\"https:\/\/bsky.app\/profile\/did:plc:heglrp6qsllkcukkkadqon3a?ref_src=embed\">@kbfihepsocial.bsky.social<\/a>) <a href=\"https:\/\/bsky.app\/profile\/did:plc:heglrp6qsllkcukkkadqon3a\/post\/3mchochmwjc2i?ref_src=embed\">January 15, 2026 at 3:18 PM<\/a><\/p><\/blockquote>\n<blockquote class=\"bluesky-embed\" data-bluesky-uri=\"at:\/\/did:plc:heglrp6qsllkcukkkadqon3a\/app.bsky.feed.post\/3m6z5mrlb7c22\" data-bluesky-cid=\"bafyreiesfzzk4uugqeg7ivxfp7xqgm3ajkitdnyq2uu7v6k6qgitt4jpyy\" data-bluesky-embed-color-mode=\"system\">\n<p lang=\"en\">#NewPaper By our theorists Antonio Racioppi and Christian Dioguardi in collaboration with Rafid H. Dejrah from Ankara University and Nilay Bostan from Marmara University about alternatives for #Gravity  [1\/3] arxiv.org\/abs\/2511.20557<\/p>\n<p><a href=\"https:\/\/bsky.app\/profile\/did:plc:heglrp6qsllkcukkkadqon3a\/post\/3m6z5mrlb7c22?ref_src=embed\">[image or embed]<\/a><\/p>\n<p>&mdash; HEP @ KBFI\/NICPB (<a href=\"https:\/\/bsky.app\/profile\/did:plc:heglrp6qsllkcukkkadqon3a?ref_src=embed\">@kbfihepsocial.bsky.social<\/a>) <a href=\"https:\/\/bsky.app\/profile\/did:plc:heglrp6qsllkcukkkadqon3a\/post\/3m6z5mrlb7c22?ref_src=embed\">December 2, 2025 at 4:27 PM<\/a><\/p><\/blockquote>\n<blockquote class=\"bluesky-embed\" data-bluesky-uri=\"at:\/\/did:plc:heglrp6qsllkcukkkadqon3a\/app.bsky.feed.post\/3m6z5msyx4k22\" data-bluesky-cid=\"bafyreiarg7p5hraiifxtz7jqvflwlmn7dcqe6m6mcddrghypd225f4c7vu\" data-bluesky-embed-color-mode=\"system\">\n<p lang=\"en\">Antonio: We propose a new way to save natural inflation with an alternative type of gravity: Palatini F(R) [2\/3]<\/p>\n<p>&mdash; HEP @ KBFI\/NICPB (<a href=\"https:\/\/bsky.app\/profile\/did:plc:heglrp6qsllkcukkkadqon3a?ref_src=embed\">@kbfihepsocial.bsky.social<\/a>) <a href=\"https:\/\/bsky.app\/profile\/did:plc:heglrp6qsllkcukkkadqon3a\/post\/3m6z5msyx4k22?ref_src=embed\">December 2, 2025 at 4:27 PM<\/a><\/p><\/blockquote>\n<blockquote class=\"bluesky-embed\" data-bluesky-uri=\"at:\/\/did:plc:heglrp6qsllkcukkkadqon3a\/app.bsky.feed.post\/3m6z5msz3ys22\" data-bluesky-cid=\"bafyreidztlakyorooqkg6xlqv2qbpupkcouauoollvw4qmfehh6peinmbe\" data-bluesky-embed-color-mode=\"system\">\n<p lang=\"en\">Antonio: Pakume v\u00e4lja uue viisi loomuliku inflatsiooni s\u00e4ilitamiseks, kasutades alternatiivset gravitatsiooniteooriat: Palatini F(R) [3\/3]<\/p>\n<p>&mdash; HEP @ KBFI\/NICPB (<a href=\"https:\/\/bsky.app\/profile\/did:plc:heglrp6qsllkcukkkadqon3a?ref_src=embed\">@kbfihepsocial.bsky.social<\/a>) <a href=\"https:\/\/bsky.app\/profile\/did:plc:heglrp6qsllkcukkkadqon3a\/post\/3m6z5msz3ys22?ref_src=embed\">December 2, 2025 at 4:27 PM<\/a><\/p><\/blockquote>\n<blockquote class=\"bluesky-embed\" data-bluesky-uri=\"at:\/\/did:plc:heglrp6qsllkcukkkadqon3a\/app.bsky.feed.post\/3lokqo4erp22r\" data-bluesky-cid=\"bafyreiaskgdo2yoraq6zaukjmd4hqn3bojaxojwqmxvurlseztlwtjgun4\" data-bluesky-embed-color-mode=\"system\">\n<p lang=\"en\">#NewPaper from N. Bostan(U. Iowa, Iowa City and Unlisted, TR), R.H. Dejrah(Ankara U.), C. Dioguardi(KBFI) and A. Racioppi(KBFI) about #gravity arxiv.org\/abs\/2503.16324.  [1\/3]<\/p>\n<p><a href=\"https:\/\/bsky.app\/profile\/did:plc:heglrp6qsllkcukkkadqon3a\/post\/3lokqo4erp22r?ref_src=embed\">[image or embed]<\/a><\/p>\n<p>&mdash; HEP @ KBFI\/NICPB (<a href=\"https:\/\/bsky.app\/profile\/did:plc:heglrp6qsllkcukkkadqon3a?ref_src=embed\">@kbfihepsocial.bsky.social<\/a>) <a href=\"https:\/\/bsky.app\/profile\/did:plc:heglrp6qsllkcukkkadqon3a\/post\/3lokqo4erp22r?ref_src=embed\">May 7, 2025 at 9:15 AM<\/a><\/p><\/blockquote>\n<blockquote class=\"bluesky-embed\" data-bluesky-uri=\"at:\/\/did:plc:heglrp6qsllkcukkkadqon3a\/app.bsky.feed.post\/3lokqo5n7nc2r\" data-bluesky-cid=\"bafyreiacdnkdu6h4ddafmjpvlpzqaxm3y2qa5hkebl6guowdbpp5z6g4aq\" data-bluesky-embed-color-mode=\"system\">\n<p lang=\"en\">Antonio: We propose a new way to save natural inflation with an alternative type of gravity: Palatini F(R,X) [2\/3]<\/p>\n<p>&mdash; HEP @ KBFI\/NICPB (<a href=\"https:\/\/bsky.app\/profile\/did:plc:heglrp6qsllkcukkkadqon3a?ref_src=embed\">@kbfihepsocial.bsky.social<\/a>) <a href=\"https:\/\/bsky.app\/profile\/did:plc:heglrp6qsllkcukkkadqon3a\/post\/3lokqo5n7nc2r?ref_src=embed\">May 7, 2025 at 9:15 AM<\/a><\/p><\/blockquote>\n<blockquote class=\"bluesky-embed\" data-bluesky-uri=\"at:\/\/did:plc:heglrp6qsllkcukkkadqon3a\/app.bsky.feed.post\/3lokqo5namk2r\" data-bluesky-cid=\"bafyreifaqavmtnh5vjjcpdnzoto7t34fhwifzgmkuw35kfmad3o5ev4cva\" data-bluesky-embed-color-mode=\"system\">\n<p lang=\"en\">Antonio: Me esitame uue v\u00f5imaluse, kuidas p\u00e4\u00e4sta loomulikku inflatsiooni alternatiivse gravitatsiooniteooriaga: Palatini F(R,X) [3\/3]<\/p>\n<p>&mdash; HEP @ KBFI\/NICPB (<a href=\"https:\/\/bsky.app\/profile\/did:plc:heglrp6qsllkcukkkadqon3a?ref_src=embed\">@kbfihepsocial.bsky.social<\/a>) <a href=\"https:\/\/bsky.app\/profile\/did:plc:heglrp6qsllkcukkkadqon3a\/post\/3lokqo5namk2r?ref_src=embed\">May 7, 2025 at 9:15 AM<\/a><\/p><\/blockquote>\n<blockquote class=\"bluesky-embed\" data-bluesky-uri=\"at:\/\/did:plc:heglrp6qsllkcukkkadqon3a\/app.bsky.feed.post\/3lfcrnk2lyc25\" data-bluesky-cid=\"bafyreid7pi2cw3jm5n23sbciilzfex2h4vxpkpgpul2iuzlxhidwaqzc5u\">\n<p lang=\"en\">#NewPaper from M. Lewicki (U. of Warsaw), P. Toczek (U. of Warsaw) and V. Vaskonen (KBFI) about primordial #blackholes and #gravitationalwaves from early universe phase transitions: arxiv.org\/abs\/2412.10366.  [1\/3]<\/p>\n<p><a href=\"https:\/\/bsky.app\/profile\/did:plc:heglrp6qsllkcukkkadqon3a\/post\/3lfcrnk2lyc25?ref_src=embed\">[image or embed]<\/a><\/p>\n<p>&mdash; HEP @ KBFI\/NICPB (<a href=\"https:\/\/bsky.app\/profile\/did:plc:heglrp6qsllkcukkkadqon3a?ref_src=embed\">@kbfihepsocial.bsky.social<\/a>) <a href=\"https:\/\/bsky.app\/profile\/did:plc:heglrp6qsllkcukkkadqon3a\/post\/3lfcrnk2lyc25?ref_src=embed\">January 9, 2025 at 3:24 PM<\/a><\/p><\/blockquote>\n<blockquote class=\"bluesky-embed\" data-bluesky-uri=\"at:\/\/did:plc:heglrp6qsllkcukkkadqon3a\/app.bsky.feed.post\/3lfcrnktqoc25\" data-bluesky-cid=\"bafyreiahcnf3lfv6our35g5gaicpnu7e6xzxubie6drvlu7u2edvg22nry\">\n<p lang=\"en\">Ville: We showe that realistic particle physics models can predict first-order phase transitions in the early universe that lead to the formation of primordial black holes with a distinguishable gravitational wave signature that is detectable with future observatories. [2\/3]<\/p>\n<p>&mdash; HEP @ KBFI\/NICPB (<a href=\"https:\/\/bsky.app\/profile\/did:plc:heglrp6qsllkcukkkadqon3a?ref_src=embed\">@kbfihepsocial.bsky.social<\/a>) <a href=\"https:\/\/bsky.app\/profile\/did:plc:heglrp6qsllkcukkkadqon3a\/post\/3lfcrnktqoc25?ref_src=embed\">January 9, 2025 at 3:24 PM<\/a><\/p><\/blockquote>\n<blockquote class=\"bluesky-embed\" data-bluesky-uri=\"at:\/\/did:plc:heglrp6qsllkcukkkadqon3a\/app.bsky.feed.post\/3lfcrnktsms25\" data-bluesky-cid=\"bafyreidsbq3c2eni2kghtub2tuiq42gs2rqxttdyw23ubkqk5sb76pew74\">\n<p lang=\"en\">Ville: selles t\u00f6\u00f6s n\u00e4itasime, et realistlikud osakestef\u00fc\u00fcsika mudelid ennustavad esimest j\u00e4rku faasisiirdeid, milles tekivad \u00fcrgsed mustad augud ja mille gravitatsioonilainete signaali on v\u00f5imalik tuleviku observatooriumides avastada. [3\/3]<\/p>\n<p>&mdash; HEP @ KBFI\/NICPB (<a href=\"https:\/\/bsky.app\/profile\/did:plc:heglrp6qsllkcukkkadqon3a?ref_src=embed\">@kbfihepsocial.bsky.social<\/a>) <a href=\"https:\/\/bsky.app\/profile\/did:plc:heglrp6qsllkcukkkadqon3a\/post\/3lfcrnktsms25?ref_src=embed\">January 9, 2025 at 3:24 PM<\/a><\/p><\/blockquote>\n<blockquote class=\"bluesky-embed\" data-bluesky-uri=\"at:\/\/did:plc:heglrp6qsllkcukkkadqon3a\/app.bsky.feed.post\/3lfcrfp2vdk25\" data-bluesky-cid=\"bafyreick5a6pj7piy6qbmwyg2pxkf34wcfl2j536xk4mzljjcw62rtmskm\">\n<p lang=\"en\">KBFI is part of the proto-collaboration for the development and realization of Terrestrial Very-Long-Baseline Atom Interferometry (TVLBAI). Several KBFI members contributed to the recent summary of the 2nd TVLBAI workshop: arxiv.org\/abs\/2412.14960. [1\/2]<\/p>\n<p><a href=\"https:\/\/bsky.app\/profile\/did:plc:heglrp6qsllkcukkkadqon3a\/post\/3lfcrfp2vdk25?ref_src=embed\">[image or embed]<\/a><\/p>\n<p>&mdash; HEP @ KBFI\/NICPB (<a href=\"https:\/\/bsky.app\/profile\/did:plc:heglrp6qsllkcukkkadqon3a?ref_src=embed\">@kbfihepsocial.bsky.social<\/a>) <a href=\"https:\/\/bsky.app\/profile\/did:plc:heglrp6qsllkcukkkadqon3a\/post\/3lfcrfp2vdk25?ref_src=embed\">January 9, 2025 at 3:20 PM<\/a><\/p><\/blockquote>\n<blockquote class=\"bluesky-embed\" data-bluesky-uri=\"at:\/\/did:plc:heglrp6qsllkcukkkadqon3a\/app.bsky.feed.post\/3lfcrfqxqm225\" data-bluesky-cid=\"bafyreigaoi6cxtupqd5wekv3hjkx3dwbbgjdc2bzlzcnywgtjbl5ltoauu\">\n<p lang=\"en\">KBFI osaleb algavas kollaboratsioonis maapealse v\u00e4ga pika baasjoonega aatominterferomeetria (TVLBAI) v\u00e4lja arendamiseks ja teostamiseks. Mitmed KBFI teadlased panustasid hiljutise 2. TVLBAI konverentsi kokkuv\u00f5ttesse: arxiv.org\/abs\/2412.14960 [2\/2]<\/p>\n<p><a href=\"https:\/\/bsky.app\/profile\/did:plc:heglrp6qsllkcukkkadqon3a\/post\/3lfcrfqxqm225?ref_src=embed\">[image or embed]<\/a><\/p>\n<p>&mdash; HEP @ KBFI\/NICPB (<a href=\"https:\/\/bsky.app\/profile\/did:plc:heglrp6qsllkcukkkadqon3a?ref_src=embed\">@kbfihepsocial.bsky.social<\/a>) <a href=\"https:\/\/bsky.app\/profile\/did:plc:heglrp6qsllkcukkkadqon3a\/post\/3lfcrfqxqm225?ref_src=embed\">January 9, 2025 at 3:20 PM<\/a><\/p><\/blockquote>\n<blockquote class=\"bluesky-embed\" data-bluesky-uri=\"at:\/\/did:plc:heglrp6qsllkcukkkadqon3a\/app.bsky.feed.post\/3lfcqxnxjkc25\" data-bluesky-cid=\"bafyreierfhgtdcc6335xmripz7j6x53yqbnxqxe5a5nnbcqjci2lfusvey\">\n<p lang=\"en\">#NewResult on #SpaceTime by our theorists Ioannis Gialamas andAntonio Racioppi arxiv.org\/abs\/2412.17738 [1\/3]<\/p>\n<p><a href=\"https:\/\/bsky.app\/profile\/did:plc:heglrp6qsllkcukkkadqon3a\/post\/3lfcqxnxjkc25?ref_src=embed\">[image or embed]<\/a><\/p>\n<p>&mdash; HEP @ KBFI\/NICPB (<a href=\"https:\/\/bsky.app\/profile\/did:plc:heglrp6qsllkcukkkadqon3a?ref_src=embed\">@kbfihepsocial.bsky.social<\/a>) <a href=\"https:\/\/bsky.app\/profile\/did:plc:heglrp6qsllkcukkkadqon3a\/post\/3lfcqxnxjkc25?ref_src=embed\">January 9, 2025 at 3:12 PM<\/a><\/p><\/blockquote>\n<blockquote class=\"bluesky-embed\" data-bluesky-uri=\"at:\/\/did:plc:heglrp6qsllkcukkkadqon3a\/app.bsky.feed.post\/3lfcqxowvhc25\" data-bluesky-cid=\"bafyreidvflmw4manimetzamfu5cuj6hpekvaqh3gmqdnizxudunolp3pkq\">\n<p lang=\"en\">Antonio: Allowing space-time to be not only curved but also twisted, symmetry-breaking inflation (an old idea excluded by recent data) becomes viable again. [2\/3]<\/p>\n<p>&mdash; HEP @ KBFI\/NICPB (<a href=\"https:\/\/bsky.app\/profile\/did:plc:heglrp6qsllkcukkkadqon3a?ref_src=embed\">@kbfihepsocial.bsky.social<\/a>) <a href=\"https:\/\/bsky.app\/profile\/did:plc:heglrp6qsllkcukkkadqon3a\/post\/3lfcqxowvhc25?ref_src=embed\">January 9, 2025 at 3:12 PM<\/a><\/p><\/blockquote>\n<blockquote class=\"bluesky-embed\" data-bluesky-uri=\"at:\/\/did:plc:heglrp6qsllkcukkkadqon3a\/app.bsky.feed.post\/3lfcqxowwgk25\" data-bluesky-cid=\"bafyreidrxsexxoqgvpuof4zmy42zuug2by5fyg3765nalwjnsfu2pusyse\">\n<p lang=\"en\">Antonio: Kui aegruumi saab mitte ainult k\u00f5verdada, vaid ka v\u00e4\u00e4nata, siis tuleb s\u00fcmmeetriat rikkuv inflatsioon (vana idee, mille  lihtsamad teostused ei ole viimaste andmetega koosk\u00f5las) j\u00e4lle p\u00e4evakorda. [3\/3]<\/p>\n<p>&mdash; HEP @ KBFI\/NICPB (<a href=\"https:\/\/bsky.app\/profile\/did:plc:heglrp6qsllkcukkkadqon3a?ref_src=embed\">@kbfihepsocial.bsky.social<\/a>) <a href=\"https:\/\/bsky.app\/profile\/did:plc:heglrp6qsllkcukkkadqon3a\/post\/3lfcqxowwgk25?ref_src=embed\">January 9, 2025 at 3:12 PM<\/a><\/p><\/blockquote>\n<blockquote class=\"bluesky-embed\"; data-bluesky-uri=\"at:\/\/did:plc:heglrp6qsllkcukkkadqon3a\/app.bsky.feed.post\/3lbjvjrvhc426\" data-bluesky-cid=\"bafyreieieu66wl3kywxg6ratk4sjkylklg4oypuzqbk4cigaox5ucbf53q\">\n<p lang=\"et\">#NewResult by our experimentalists Torben Lange and Norman Seeba at the<br \/>\n@cmsexperiment.bsky.social<br \/>\n with a combination of the #CMS LHC Run2 analysis on double #higgs boson production released right in time for Higgs 2025 and this exiting  LHC seminar: indico.cern.ch\/event\/1441587\/ #physics [1\/3]<\/p>\n<p><a href=\"https:\/\/bsky.app\/profile\/did:plc:heglrp6qsllkcukkkadqon3a\/post\/3lbjvjrvhc426?ref_src=embed\">[image or embed]<\/a><\/p>\n<p>&mdash; HEP @ KBFI\/NICPB (<a href=\"https:\/\/bsky.app\/profile\/did:plc:heglrp6qsllkcukkkadqon3a?ref_src=embed\">@kbfihepsocial.bsky.social<\/a>) <a href=\"https:\/\/bsky.app\/profile\/did:plc:heglrp6qsllkcukkkadqon3a\/post\/3lbjvjrvhc426?ref_src=embed\">Nov 22, 2024 at 1:42 PM<\/a><\/p><\/blockquote>\n<blockquote class=\"bluesky-embed\" data-bluesky-uri=\"at:\/\/did:plc:heglrp6qsllkcukkkadqon3a\/app.bsky.feed.post\/3lbjvjsps2u26\" data-bluesky-cid=\"bafyreidl4r6ro2u3ggq65hxn7g3nem4ugsthbkreo7azcuwzgnlrcvt45m\">\n<p lang=\"et\">Torben: This result is an important step in deciphering the Higgs sector and shining light in one of the lesser explored corners of the Standard Model (SM).<br \/>\nWe are approaching SMsensitivity fast, and these results promise interesting times are lying ahead. [2\/3]<\/p>\n<p>&mdash; HEP @ KBFI\/NICPB (<a href=\"https:\/\/bsky.app\/profile\/did:plc:heglrp6qsllkcukkkadqon3a?ref_src=embed\">@kbfihepsocial.bsky.social<\/a>) <a href=\"https:\/\/bsky.app\/profile\/did:plc:heglrp6qsllkcukkkadqon3a\/post\/3lbjvjsps2u26?ref_src=embed\">Nov 22, 2024 at 1:42 PM<\/a><\/p><\/blockquote>\n<blockquote class=\"bluesky-embed\" data-bluesky-uri=\"at:\/\/did:plc:heglrp6qsllkcukkkadqon3a\/app.bsky.feed.post\/3lbjvjspt2426\" data-bluesky-cid=\"bafyreig4uzjgt4452tmac3rrzc5ze3csnkmlcvtekmej2h6x5qnhsr5f64\">\n<p lang=\"et\">Torben: Meie teadust\u00f6\u00f6 tulemus t\u00e4histab olulist edasiminekut Higgsi sektori lahtim\u00f5testamisel ning valgustab seni suhteliselt v\u00e4he uuritud piirkonda StandardMudelis. Oleme kiiresti l\u00e4henemas SM-i tundlikkuse piirile, ning meie tulemused viitavad, et ees ootavad teaduslikult p\u00f5nevad ajad. [3\/3]<\/p>\n<p>&mdash; HEP @ KBFI\/NICPB (<a href=\"https:\/\/bsky.app\/profile\/did:plc:heglrp6qsllkcukkkadqon3a?ref_src=embed\">@kbfihepsocial.bsky.social<\/a>) <a href=\"https:\/\/bsky.app\/profile\/did:plc:heglrp6qsllkcukkkadqon3a\/post\/3lbjvjspt2426?ref_src=embed\">Nov 22, 2024 at 1:42 PM<\/a><\/p><\/blockquote>\n<blockquote class=\"bluesky-embed\" data-bluesky-uri=\"at:\/\/did:plc:heglrp6qsllkcukkkadqon3a\/app.bsky.feed.post\/3lcnh3se5ds2d\" data-bluesky-cid=\"bafyreigmvqj23ifubjd3x2g3dn5munagagft2hecop2xc55xogksiljsde\">\n<p lang=\"et\">Non-expert friendly \/ lihtsas keeles: cms.cern\/news\/tale-tw&#8230; #outreach  [3+\/3]<\/p>\n<p><a href=\"https:\/\/bsky.app\/profile\/did:plc:heglrp6qsllkcukkkadqon3a\/post\/3lcnh3se5ds2d?ref_src=embed\">[image or embed]<\/a><\/p>\n<p>&mdash; HEP @ KBFI\/NICPB (<a href=\"https:\/\/bsky.app\/profile\/did:plc:heglrp6qsllkcukkkadqon3a?ref_src=embed\">@kbfihepsocial.bsky.social<\/a>) <a href=\"https:\/\/bsky.app\/profile\/did:plc:heglrp6qsllkcukkkadqon3a\/post\/3lcnh3se5ds2d?ref_src=embed\">December 6, 2024 at 3:59 PM<\/a><\/p><\/blockquote>\n<p><script async src=\"https:\/\/embed.bsky.app\/static\/embed.js\" charset=\"utf-8\"><\/script>\n<\/div>\n<\/div>\n","protected":false},"excerpt":{"rendered":"<p>High Energy and Computational Physics &nbsp; Our research interests involve theoretical and experimental high energy, particle and astro-particle physics, cosmology, physics of inflation and early Universe, in <a class=\"read-more\" href=\"https:\/\/kbfi.ee\/en\/high-energy-and-computational-physics\/\"><\/a><\/p>\n","protected":false},"author":5,"featured_media":0,"parent":0,"menu_order":0,"comment_status":"open","ping_status":"open","template":"tpl-flexible.php","meta":{"_acf_changed":false,"footnotes":""},"class_list":["post-1388","page","type-page","status-publish","hentry"],"acf":[],"_links":{"self":[{"href":"https:\/\/kbfi.ee\/en\/wp-json\/wp\/v2\/pages\/1388"}],"collection":[{"href":"https:\/\/kbfi.ee\/en\/wp-json\/wp\/v2\/pages"}],"about":[{"href":"https:\/\/kbfi.ee\/en\/wp-json\/wp\/v2\/types\/page"}],"author":[{"embeddable":true,"href":"https:\/\/kbfi.ee\/en\/wp-json\/wp\/v2\/users\/5"}],"replies":[{"embeddable":true,"href":"https:\/\/kbfi.ee\/en\/wp-json\/wp\/v2\/comments?post=1388"}],"version-history":[{"count":0,"href":"https:\/\/kbfi.ee\/en\/wp-json\/wp\/v2\/pages\/1388\/revisions"}],"wp:attachment":[{"href":"https:\/\/kbfi.ee\/en\/wp-json\/wp\/v2\/media?parent=1388"}],"curies":[{"name":"wp","href":"https:\/\/api.w.org\/{rel}","templated":true}]}}