{"id":1384,"date":"2015-09-10T12:37:55","date_gmt":"2015-09-10T09:37:55","guid":{"rendered":"http:\/\/kbfi.ee\/?page_id=1384"},"modified":"2015-09-10T12:37:55","modified_gmt":"2015-09-10T09:37:55","slug":"thesis-works","status":"publish","type":"page","link":"https:\/\/kbfi.ee\/en\/thesis-works\/","title":{"rendered":"Thesis Works"},"content":{"rendered":"<h3>Doktorit\u00f6\u00f6d<\/h3>\n<p>2007 Katrin Trummal Vipera lebetina maom\u00fcrgi metalloproteinaaside eraldamine, iseloomustamine ja spetsiifilisuse uurimine. Tallinna Tehnika\u00fclikool 2007 2006 Anu Aasp\u00f5llu Hemostaasi m\u00f5jutavad proteinaasid Vipera lebetina maom\u00fcrgist. Tallinna Tehnika\u00fclikool 2006 Teadusmagistrit\u00f6\u00f6d 2008 K\u00fclli T\u00f5nism\u00e4gi Maom\u00fcrkide L-aminohapete oks\u00fcdaaside v\u00f5rdlev uurimine. Tallinna Tehnika\u00fclikool 2008 Heiki Vija Toksiliste peptiidide eraldamine rohelisest (Amanita phalloides) ja valgest (Amanita virosa) k\u00e4rbseseenest. Tallinna Tehnika\u00fclikool 2008<\/p>\n<h3>Magistrit\u00f6\u00f6d<\/h3>\n<p>2013 Olga Vassiljeva Vipera lebetina m\u00fcrgi h\u00fcaluronidaasi struktuur ja funktsioonid. Tallinna Tehnika\u00fclikool 2013<\/p>\n<h3>Bakalaureuset\u00f6\u00f6d<\/h3>\n<p>2014 Jelena Knjazeva Kesk Aasia kobra (Naja Oxiana) m\u00fcrgi ts\u00fctotoksiini-I ja ts\u00fctotoksiini-II m\u00f5ju eesn\u00e4\u00e4rme kasvaja rakkudele. Tallinna Tehnika\u00fclikool 2014 2010 Olga Vassiljeva Vipera lebetina m\u00fcrgi h\u00fcaluronidaasi puhastamine ja iseloomustamine. Tallinna Tehnika\u00fclikool 2010 2007 Jane Keskk\u00fcla Kesk-Aasia kobra (Naja naja oxiana) L-aminohapete oks\u00fcdaasi spetsiifilisus. Tallinna Tehnika\u00fclikool 2007 2004 Piret Villo Vipera lebetina m\u00fcrgist L-aminohapete oks\u00fcdaasi puhastamine ja iseloomustamine. Tallinna Tehnika\u00fclikool 2004<\/p>\n","protected":false},"excerpt":{"rendered":"<p>Doktorit\u00f6\u00f6d 2007 Katrin Trummal Vipera lebetina maom\u00fcrgi metalloproteinaaside eraldamine, iseloomustamine ja spetsiifilisuse uurimine. Tallinna Tehnika\u00fclikool 2007 2006 Anu Aasp\u00f5llu Hemostaasi m\u00f5jutavad proteinaasid Vipera lebetina maom\u00fcrgist. Tallinna Tehnika\u00fclikool <a class=\"read-more\" href=\"https:\/\/kbfi.ee\/en\/thesis-works\/\"><\/a><\/p>\n","protected":false},"author":5,"featured_media":0,"parent":0,"menu_order":0,"comment_status":"open","ping_status":"closed","template":"","meta":{"_acf_changed":false,"footnotes":""},"class_list":["post-1384","page","type-page","status-publish","hentry"],"acf":[],"_links":{"self":[{"href":"https:\/\/kbfi.ee\/en\/wp-json\/wp\/v2\/pages\/1384"}],"collection":[{"href":"https:\/\/kbfi.ee\/en\/wp-json\/wp\/v2\/pages"}],"about":[{"href":"https:\/\/kbfi.ee\/en\/wp-json\/wp\/v2\/types\/page"}],"author":[{"embeddable":true,"href":"https:\/\/kbfi.ee\/en\/wp-json\/wp\/v2\/users\/5"}],"replies":[{"embeddable":true,"href":"https:\/\/kbfi.ee\/en\/wp-json\/wp\/v2\/comments?post=1384"}],"version-history":[{"count":0,"href":"https:\/\/kbfi.ee\/en\/wp-json\/wp\/v2\/pages\/1384\/revisions"}],"wp:attachment":[{"href":"https:\/\/kbfi.ee\/en\/wp-json\/wp\/v2\/media?parent=1384"}],"curies":[{"name":"wp","href":"https:\/\/api.w.org\/{rel}","templated":true}]}}